{"id":54827,"date":"2025-10-21T14:04:11","date_gmt":"2025-10-21T14:04:11","guid":{"rendered":"https:\/\/ilmoliulampar.is\/?post_type=product&#038;p=54827"},"modified":"2025-11-25T17:24:57","modified_gmt":"2025-11-25T17:24:57","slug":"pleather-skoreimar-5-litir","status":"publish","type":"product","link":"https:\/\/ilmoliulampar.is\/en_gb\/product\/pleather-skoreimar-5-litir\/","title":{"rendered":"Pleather Sk\u00f3reimar &#8211; 5 litir 40% afsl\u00e1ttur"},"content":{"rendered":"<p>Flottar og vanda\u00f0ar flatar pleather sk\u00f3reimar.<\/p>\n<p>koma \u00ed 5 mismunandi litum.<\/p>\n<p>120 Cm \u00e1 lengd<\/p>\n<p>2 saman \u00ed pakka \u00e1 1990 kr<\/p>","protected":false},"excerpt":{"rendered":"<p>Flottar og vanda\u00f0ar flatar pleather sk\u00f3reimar. koma \u00ed 5 mismunandi litum. 120 Cm \u00e1 lengd 2 saman \u00ed pakka \u00e1 1990 kr<\/p>","protected":false},"featured_media":54838,"comment_status":"open","ping_status":"closed","template":"","meta":[],"product_brand":[],"product_cat":[230,223],"product_tag":[],"class_list":{"0":"post-54827","1":"product","2":"type-product","3":"status-publish","4":"has-post-thumbnail","6":"product_cat-laekkadverd","7":"product_cat-skoreimar","9":"first","10":"instock","11":"sale","12":"shipping-taxable","13":"purchasable","14":"product-type-variable"},"_links":{"self":[{"href":"https:\/\/ilmoliulampar.is\/en_gb\/wp-json\/wp\/v2\/product\/54827","targetHints":{"allow":["GET"]}}],"collection":[{"href":"https:\/\/ilmoliulampar.is\/en_gb\/wp-json\/wp\/v2\/product"}],"about":[{"href":"https:\/\/ilmoliulampar.is\/en_gb\/wp-json\/wp\/v2\/types\/product"}],"replies":[{"embeddable":true,"href":"https:\/\/ilmoliulampar.is\/en_gb\/wp-json\/wp\/v2\/comments?post=54827"}],"wp:featuredmedia":[{"embeddable":true,"href":"https:\/\/ilmoliulampar.is\/en_gb\/wp-json\/wp\/v2\/media\/54838"}],"wp:attachment":[{"href":"https:\/\/ilmoliulampar.is\/en_gb\/wp-json\/wp\/v2\/media?parent=54827"}],"wp:term":[{"taxonomy":"product_brand","embeddable":true,"href":"https:\/\/ilmoliulampar.is\/en_gb\/wp-json\/wp\/v2\/product_brand?post=54827"},{"taxonomy":"product_cat","embeddable":true,"href":"https:\/\/ilmoliulampar.is\/en_gb\/wp-json\/wp\/v2\/product_cat?post=54827"},{"taxonomy":"product_tag","embeddable":true,"href":"https:\/\/ilmoliulampar.is\/en_gb\/wp-json\/wp\/v2\/product_tag?post=54827"}],"curies":[{"name":"wp","href":"https:\/\/api.w.org\/{rel}","templated":true}]}}