{"id":54872,"date":"2023-04-25T16:55:34","date_gmt":"2023-04-25T16:55:34","guid":{"rendered":"https:\/\/ilmoliulampar.is\/?post_type=product&#038;p=54872"},"modified":"2023-04-25T17:00:37","modified_gmt":"2023-04-25T17:00:37","slug":"loftljos-ugla","status":"publish","type":"product","link":"https:\/\/ilmoliulampar.is\/en_gb\/product\/loftljos-ugla\/","title":{"rendered":"Loftlj\u00f3s &#8211; Ugla"},"content":{"rendered":"","protected":false},"excerpt":{"rendered":"<p>Loftl\u00f3s &#8211; Gyllt Ugla<\/p>\n<p>60 x 57 x 14 Cm<\/p>\n<p>E27 perust\u00e6\u00f0i ( ATH Pera fylgir ekki me\u00f0 )<\/p>","protected":false},"featured_media":54873,"comment_status":"open","ping_status":"closed","template":"","meta":[],"product_brand":[],"product_cat":[132],"product_tag":[],"class_list":{"0":"post-54872","1":"product","2":"type-product","3":"status-publish","4":"has-post-thumbnail","6":"product_cat-heimilid-2","8":"first","9":"instock","10":"shipping-taxable","11":"purchasable","12":"product-type-simple"},"_links":{"self":[{"href":"https:\/\/ilmoliulampar.is\/en_gb\/wp-json\/wp\/v2\/product\/54872","targetHints":{"allow":["GET"]}}],"collection":[{"href":"https:\/\/ilmoliulampar.is\/en_gb\/wp-json\/wp\/v2\/product"}],"about":[{"href":"https:\/\/ilmoliulampar.is\/en_gb\/wp-json\/wp\/v2\/types\/product"}],"replies":[{"embeddable":true,"href":"https:\/\/ilmoliulampar.is\/en_gb\/wp-json\/wp\/v2\/comments?post=54872"}],"wp:featuredmedia":[{"embeddable":true,"href":"https:\/\/ilmoliulampar.is\/en_gb\/wp-json\/wp\/v2\/media\/54873"}],"wp:attachment":[{"href":"https:\/\/ilmoliulampar.is\/en_gb\/wp-json\/wp\/v2\/media?parent=54872"}],"wp:term":[{"taxonomy":"product_brand","embeddable":true,"href":"https:\/\/ilmoliulampar.is\/en_gb\/wp-json\/wp\/v2\/product_brand?post=54872"},{"taxonomy":"product_cat","embeddable":true,"href":"https:\/\/ilmoliulampar.is\/en_gb\/wp-json\/wp\/v2\/product_cat?post=54872"},{"taxonomy":"product_tag","embeddable":true,"href":"https:\/\/ilmoliulampar.is\/en_gb\/wp-json\/wp\/v2\/product_tag?post=54872"}],"curies":[{"name":"wp","href":"https:\/\/api.w.org\/{rel}","templated":true}]}}