{"id":54889,"date":"2023-04-27T16:01:42","date_gmt":"2023-04-27T16:01:42","guid":{"rendered":"https:\/\/ilmoliulampar.is\/?post_type=product&#038;p=54889"},"modified":"2024-03-25T16:26:38","modified_gmt":"2024-03-25T16:26:38","slug":"stra-bunt-60-cm-50-afslattur","status":"publish","type":"product","link":"https:\/\/ilmoliulampar.is\/en_gb\/product\/stra-bunt-60-cm-50-afslattur\/","title":{"rendered":"Str\u00e1 b\u00fant 60 Cm  50 % afsl\u00e1ttur"},"content":{"rendered":"<p>Str\u00e1-b\u00fant<\/p>\n<p>50 &#8211; 60 Cm \u00e1 lengd<\/p>\n<p>&nbsp;<\/p>","protected":false},"excerpt":{"rendered":"<p>Str\u00e1-b\u00fant 50 &#8211; 60 Cm \u00e1 lengd &nbsp;<\/p>","protected":false},"featured_media":0,"comment_status":"open","ping_status":"closed","template":"","meta":[],"product_brand":[],"product_cat":[228,230,121],"product_tag":[],"class_list":{"0":"post-54889","1":"product","2":"type-product","3":"status-publish","5":"product_cat-gerviplontur","6":"product_cat-laekkadverd","7":"product_cat-tilbod-adrar-vorur","9":"first","10":"instock","11":"sale","12":"shipping-taxable","13":"purchasable","14":"product-type-simple"},"_links":{"self":[{"href":"https:\/\/ilmoliulampar.is\/en_gb\/wp-json\/wp\/v2\/product\/54889","targetHints":{"allow":["GET"]}}],"collection":[{"href":"https:\/\/ilmoliulampar.is\/en_gb\/wp-json\/wp\/v2\/product"}],"about":[{"href":"https:\/\/ilmoliulampar.is\/en_gb\/wp-json\/wp\/v2\/types\/product"}],"replies":[{"embeddable":true,"href":"https:\/\/ilmoliulampar.is\/en_gb\/wp-json\/wp\/v2\/comments?post=54889"}],"wp:attachment":[{"href":"https:\/\/ilmoliulampar.is\/en_gb\/wp-json\/wp\/v2\/media?parent=54889"}],"wp:term":[{"taxonomy":"product_brand","embeddable":true,"href":"https:\/\/ilmoliulampar.is\/en_gb\/wp-json\/wp\/v2\/product_brand?post=54889"},{"taxonomy":"product_cat","embeddable":true,"href":"https:\/\/ilmoliulampar.is\/en_gb\/wp-json\/wp\/v2\/product_cat?post=54889"},{"taxonomy":"product_tag","embeddable":true,"href":"https:\/\/ilmoliulampar.is\/en_gb\/wp-json\/wp\/v2\/product_tag?post=54889"}],"curies":[{"name":"wp","href":"https:\/\/api.w.org\/{rel}","templated":true}]}}