{"id":54892,"date":"2023-04-27T16:23:51","date_gmt":"2023-04-27T16:23:51","guid":{"rendered":"https:\/\/ilmoliulampar.is\/?post_type=product&#038;p=54892"},"modified":"2024-03-25T15:40:24","modified_gmt":"2024-03-25T15:40:24","slug":"stor-fern-grein","status":"publish","type":"product","link":"https:\/\/ilmoliulampar.is\/en_gb\/product\/stor-fern-grein\/","title":{"rendered":"St\u00f3r Fern grein"},"content":{"rendered":"","protected":false},"excerpt":{"rendered":"<p>\u00f3tr\u00falega flott og v\u00f6ndu\u00f0 Fern grein<\/p>\n<p>mj\u00f6g raunveruleg<\/p>\n<p>st\u00e6r\u00f0 <span style=\"color: var(--rz-text-color); font-family: var(--rz-font-family-primary);\">126.0 x 50.0 x 142.0 cm<\/span><\/p>\n<p>&nbsp;<\/p>","protected":false},"featured_media":54893,"comment_status":"open","ping_status":"closed","template":"","meta":[],"product_brand":[],"product_cat":[228],"product_tag":[],"class_list":{"0":"post-54892","1":"product","2":"type-product","3":"status-publish","4":"has-post-thumbnail","6":"product_cat-gerviplontur","8":"first","9":"instock","10":"shipping-taxable","11":"purchasable","12":"product-type-simple"},"_links":{"self":[{"href":"https:\/\/ilmoliulampar.is\/en_gb\/wp-json\/wp\/v2\/product\/54892","targetHints":{"allow":["GET"]}}],"collection":[{"href":"https:\/\/ilmoliulampar.is\/en_gb\/wp-json\/wp\/v2\/product"}],"about":[{"href":"https:\/\/ilmoliulampar.is\/en_gb\/wp-json\/wp\/v2\/types\/product"}],"replies":[{"embeddable":true,"href":"https:\/\/ilmoliulampar.is\/en_gb\/wp-json\/wp\/v2\/comments?post=54892"}],"wp:featuredmedia":[{"embeddable":true,"href":"https:\/\/ilmoliulampar.is\/en_gb\/wp-json\/wp\/v2\/media\/54893"}],"wp:attachment":[{"href":"https:\/\/ilmoliulampar.is\/en_gb\/wp-json\/wp\/v2\/media?parent=54892"}],"wp:term":[{"taxonomy":"product_brand","embeddable":true,"href":"https:\/\/ilmoliulampar.is\/en_gb\/wp-json\/wp\/v2\/product_brand?post=54892"},{"taxonomy":"product_cat","embeddable":true,"href":"https:\/\/ilmoliulampar.is\/en_gb\/wp-json\/wp\/v2\/product_cat?post=54892"},{"taxonomy":"product_tag","embeddable":true,"href":"https:\/\/ilmoliulampar.is\/en_gb\/wp-json\/wp\/v2\/product_tag?post=54892"}],"curies":[{"name":"wp","href":"https:\/\/api.w.org\/{rel}","templated":true}]}}