{"id":54894,"date":"2023-04-27T16:33:18","date_gmt":"2023-04-27T16:33:18","guid":{"rendered":"https:\/\/ilmoliulampar.is\/?post_type=product&#038;p=54894"},"modified":"2023-04-27T16:35:27","modified_gmt":"2023-04-27T16:35:27","slug":"ljosbleikar-rosir","status":"publish","type":"product","link":"https:\/\/ilmoliulampar.is\/en_gb\/product\/ljosbleikar-rosir\/","title":{"rendered":"Lj\u00f3sbleikar R\u00f3sir"},"content":{"rendered":"","protected":false},"excerpt":{"rendered":"<p>\u00d3tr\u00falega flottar og vanda\u00f0ar lj\u00f3sleikar &#8222;Vintage&#8220; r\u00f3sir.<\/p>","protected":false},"featured_media":54895,"comment_status":"open","ping_status":"closed","template":"","meta":[],"product_brand":[],"product_cat":[228],"product_tag":[],"class_list":{"0":"post-54894","1":"product","2":"type-product","3":"status-publish","4":"has-post-thumbnail","6":"product_cat-gerviplontur","8":"first","9":"instock","10":"shipping-taxable","11":"purchasable","12":"product-type-simple"},"_links":{"self":[{"href":"https:\/\/ilmoliulampar.is\/en_gb\/wp-json\/wp\/v2\/product\/54894","targetHints":{"allow":["GET"]}}],"collection":[{"href":"https:\/\/ilmoliulampar.is\/en_gb\/wp-json\/wp\/v2\/product"}],"about":[{"href":"https:\/\/ilmoliulampar.is\/en_gb\/wp-json\/wp\/v2\/types\/product"}],"replies":[{"embeddable":true,"href":"https:\/\/ilmoliulampar.is\/en_gb\/wp-json\/wp\/v2\/comments?post=54894"}],"wp:featuredmedia":[{"embeddable":true,"href":"https:\/\/ilmoliulampar.is\/en_gb\/wp-json\/wp\/v2\/media\/54895"}],"wp:attachment":[{"href":"https:\/\/ilmoliulampar.is\/en_gb\/wp-json\/wp\/v2\/media?parent=54894"}],"wp:term":[{"taxonomy":"product_brand","embeddable":true,"href":"https:\/\/ilmoliulampar.is\/en_gb\/wp-json\/wp\/v2\/product_brand?post=54894"},{"taxonomy":"product_cat","embeddable":true,"href":"https:\/\/ilmoliulampar.is\/en_gb\/wp-json\/wp\/v2\/product_cat?post=54894"},{"taxonomy":"product_tag","embeddable":true,"href":"https:\/\/ilmoliulampar.is\/en_gb\/wp-json\/wp\/v2\/product_tag?post=54894"}],"curies":[{"name":"wp","href":"https:\/\/api.w.org\/{rel}","templated":true}]}}