{"id":54906,"date":"2025-12-28T12:52:57","date_gmt":"2025-12-28T12:52:57","guid":{"rendered":"https:\/\/ilmoliulampar.is\/?post_type=product&#038;p=54906"},"modified":"2026-04-16T14:51:45","modified_gmt":"2026-04-16T14:51:45","slug":"hvitar-orkediur-i-gler-potti-20-afslattur","status":"publish","type":"product","link":"https:\/\/ilmoliulampar.is\/en_gb\/product\/hvitar-orkediur-i-gler-potti-20-afslattur\/","title":{"rendered":"Hv\u00edtar Orked\u00edur \u00ed gler potti 50% afsl\u00e1ttur"},"content":{"rendered":"","protected":false},"excerpt":{"rendered":"<p>\u00d3tr\u00falega smart og elegant .<\/p>\n<p>Hv\u00edtar Orked\u00edur \u00ed glerpotti me\u00f0 &#8222;mold&#8220;<\/p>\n<p>St\u00e6r\u00f0 : 91 Cm \u00e1 h\u00e6\u00f0 og 40 Cm breidd<\/p>","protected":false},"featured_media":68019,"comment_status":"open","ping_status":"closed","template":"","meta":[],"product_brand":[],"product_cat":[250,228,230,121,113],"product_tag":[],"class_list":{"0":"post-54906","1":"product","2":"type-product","3":"status-publish","4":"has-post-thumbnail","6":"product_cat-blomapottarvasar","7":"product_cat-gerviplontur","8":"product_cat-laekkadverd","9":"product_cat-tilbod-adrar-vorur","10":"product_cat-utsala","12":"first","13":"instock","14":"sale","15":"shipping-taxable","16":"purchasable","17":"product-type-simple"},"_links":{"self":[{"href":"https:\/\/ilmoliulampar.is\/en_gb\/wp-json\/wp\/v2\/product\/54906","targetHints":{"allow":["GET"]}}],"collection":[{"href":"https:\/\/ilmoliulampar.is\/en_gb\/wp-json\/wp\/v2\/product"}],"about":[{"href":"https:\/\/ilmoliulampar.is\/en_gb\/wp-json\/wp\/v2\/types\/product"}],"replies":[{"embeddable":true,"href":"https:\/\/ilmoliulampar.is\/en_gb\/wp-json\/wp\/v2\/comments?post=54906"}],"wp:featuredmedia":[{"embeddable":true,"href":"https:\/\/ilmoliulampar.is\/en_gb\/wp-json\/wp\/v2\/media\/68019"}],"wp:attachment":[{"href":"https:\/\/ilmoliulampar.is\/en_gb\/wp-json\/wp\/v2\/media?parent=54906"}],"wp:term":[{"taxonomy":"product_brand","embeddable":true,"href":"https:\/\/ilmoliulampar.is\/en_gb\/wp-json\/wp\/v2\/product_brand?post=54906"},{"taxonomy":"product_cat","embeddable":true,"href":"https:\/\/ilmoliulampar.is\/en_gb\/wp-json\/wp\/v2\/product_cat?post=54906"},{"taxonomy":"product_tag","embeddable":true,"href":"https:\/\/ilmoliulampar.is\/en_gb\/wp-json\/wp\/v2\/product_tag?post=54906"}],"curies":[{"name":"wp","href":"https:\/\/api.w.org\/{rel}","templated":true}]}}