{"id":54908,"date":"2023-04-28T13:20:00","date_gmt":"2023-04-28T13:20:00","guid":{"rendered":"https:\/\/ilmoliulampar.is\/?post_type=product&#038;p=54908"},"modified":"2023-04-28T13:22:42","modified_gmt":"2023-04-28T13:22:42","slug":"fern-planta-i-lagum-gler-vasa","status":"publish","type":"product","link":"https:\/\/ilmoliulampar.is\/en_gb\/product\/fern-planta-i-lagum-gler-vasa\/","title":{"rendered":"Fern planta \u00ed L\u00e1gum gler vasa"},"content":{"rendered":"","protected":false},"excerpt":{"rendered":"<p>Hrikalega flott og vo\u00f6ndu\u00f0 fern planta \u00ed Gler vasa.<\/p>\n<p>H\u00e6r\u00f0 30 x 25 cm<\/p>","protected":false},"featured_media":54909,"comment_status":"open","ping_status":"closed","template":"","meta":[],"product_brand":[],"product_cat":[228],"product_tag":[],"class_list":{"0":"post-54908","1":"product","2":"type-product","3":"status-publish","4":"has-post-thumbnail","6":"product_cat-gerviplontur","8":"first","9":"instock","10":"shipping-taxable","11":"purchasable","12":"product-type-simple"},"_links":{"self":[{"href":"https:\/\/ilmoliulampar.is\/en_gb\/wp-json\/wp\/v2\/product\/54908","targetHints":{"allow":["GET"]}}],"collection":[{"href":"https:\/\/ilmoliulampar.is\/en_gb\/wp-json\/wp\/v2\/product"}],"about":[{"href":"https:\/\/ilmoliulampar.is\/en_gb\/wp-json\/wp\/v2\/types\/product"}],"replies":[{"embeddable":true,"href":"https:\/\/ilmoliulampar.is\/en_gb\/wp-json\/wp\/v2\/comments?post=54908"}],"wp:featuredmedia":[{"embeddable":true,"href":"https:\/\/ilmoliulampar.is\/en_gb\/wp-json\/wp\/v2\/media\/54909"}],"wp:attachment":[{"href":"https:\/\/ilmoliulampar.is\/en_gb\/wp-json\/wp\/v2\/media?parent=54908"}],"wp:term":[{"taxonomy":"product_brand","embeddable":true,"href":"https:\/\/ilmoliulampar.is\/en_gb\/wp-json\/wp\/v2\/product_brand?post=54908"},{"taxonomy":"product_cat","embeddable":true,"href":"https:\/\/ilmoliulampar.is\/en_gb\/wp-json\/wp\/v2\/product_cat?post=54908"},{"taxonomy":"product_tag","embeddable":true,"href":"https:\/\/ilmoliulampar.is\/en_gb\/wp-json\/wp\/v2\/product_tag?post=54908"}],"curies":[{"name":"wp","href":"https:\/\/api.w.org\/{rel}","templated":true}]}}