{"id":54912,"date":"2023-04-28T17:14:20","date_gmt":"2023-04-28T17:14:20","guid":{"rendered":"https:\/\/ilmoliulampar.is\/?post_type=product&#038;p=54912"},"modified":"2023-04-28T17:16:29","modified_gmt":"2023-04-28T17:16:29","slug":"tulipanar-hvitir","status":"publish","type":"product","link":"https:\/\/ilmoliulampar.is\/en_gb\/product\/tulipanar-hvitir\/","title":{"rendered":"T\u00fal\u00edpanar hv\u00edtir"},"content":{"rendered":"","protected":false},"excerpt":{"rendered":"<p>\u00f3tr\u00falega flottir og vanda\u00f0ir t\u00fal\u00edpanar<\/p>\n<p>St\u00e6r\u00f0 63 cm<\/p>\n<p>seljast \u00ed stykkja tali<\/p>","protected":false},"featured_media":54913,"comment_status":"open","ping_status":"closed","template":"","meta":[],"product_brand":[],"product_cat":[228],"product_tag":[],"class_list":{"0":"post-54912","1":"product","2":"type-product","3":"status-publish","4":"has-post-thumbnail","6":"product_cat-gerviplontur","8":"first","9":"instock","10":"shipping-taxable","11":"purchasable","12":"product-type-simple"},"_links":{"self":[{"href":"https:\/\/ilmoliulampar.is\/en_gb\/wp-json\/wp\/v2\/product\/54912","targetHints":{"allow":["GET"]}}],"collection":[{"href":"https:\/\/ilmoliulampar.is\/en_gb\/wp-json\/wp\/v2\/product"}],"about":[{"href":"https:\/\/ilmoliulampar.is\/en_gb\/wp-json\/wp\/v2\/types\/product"}],"replies":[{"embeddable":true,"href":"https:\/\/ilmoliulampar.is\/en_gb\/wp-json\/wp\/v2\/comments?post=54912"}],"wp:featuredmedia":[{"embeddable":true,"href":"https:\/\/ilmoliulampar.is\/en_gb\/wp-json\/wp\/v2\/media\/54913"}],"wp:attachment":[{"href":"https:\/\/ilmoliulampar.is\/en_gb\/wp-json\/wp\/v2\/media?parent=54912"}],"wp:term":[{"taxonomy":"product_brand","embeddable":true,"href":"https:\/\/ilmoliulampar.is\/en_gb\/wp-json\/wp\/v2\/product_brand?post=54912"},{"taxonomy":"product_cat","embeddable":true,"href":"https:\/\/ilmoliulampar.is\/en_gb\/wp-json\/wp\/v2\/product_cat?post=54912"},{"taxonomy":"product_tag","embeddable":true,"href":"https:\/\/ilmoliulampar.is\/en_gb\/wp-json\/wp\/v2\/product_tag?post=54912"}],"curies":[{"name":"wp","href":"https:\/\/api.w.org\/{rel}","templated":true}]}}