{"id":54920,"date":"2023-05-02T13:38:00","date_gmt":"2023-05-02T13:38:00","guid":{"rendered":"https:\/\/ilmoliulampar.is\/?post_type=product&#038;p=54920"},"modified":"2024-03-22T16:09:53","modified_gmt":"2024-03-22T16:09:53","slug":"stort-lauf","status":"publish","type":"product","link":"https:\/\/ilmoliulampar.is\/en_gb\/product\/stort-lauf\/","title":{"rendered":"St\u00f3rt lauf"},"content":{"rendered":"","protected":false},"excerpt":{"rendered":"<p>St\u00f3rt og vanda\u00f0 &#8222;Fan Palm &#8220; Lauf<\/p>\n<p>St\u00e6r\u00f0 :\u00a0<span style=\"color: var(--rz-text-color); font-family: var(--rz-font-family-primary);\">35.0 x 34.0 x 94.0 cm<\/span><\/p>","protected":false},"featured_media":54921,"comment_status":"open","ping_status":"closed","template":"","meta":[],"product_brand":[],"product_cat":[228],"product_tag":[],"class_list":{"0":"post-54920","1":"product","2":"type-product","3":"status-publish","4":"has-post-thumbnail","6":"product_cat-gerviplontur","8":"first","9":"instock","10":"shipping-taxable","11":"purchasable","12":"product-type-simple"},"_links":{"self":[{"href":"https:\/\/ilmoliulampar.is\/en_gb\/wp-json\/wp\/v2\/product\/54920","targetHints":{"allow":["GET"]}}],"collection":[{"href":"https:\/\/ilmoliulampar.is\/en_gb\/wp-json\/wp\/v2\/product"}],"about":[{"href":"https:\/\/ilmoliulampar.is\/en_gb\/wp-json\/wp\/v2\/types\/product"}],"replies":[{"embeddable":true,"href":"https:\/\/ilmoliulampar.is\/en_gb\/wp-json\/wp\/v2\/comments?post=54920"}],"wp:featuredmedia":[{"embeddable":true,"href":"https:\/\/ilmoliulampar.is\/en_gb\/wp-json\/wp\/v2\/media\/54921"}],"wp:attachment":[{"href":"https:\/\/ilmoliulampar.is\/en_gb\/wp-json\/wp\/v2\/media?parent=54920"}],"wp:term":[{"taxonomy":"product_brand","embeddable":true,"href":"https:\/\/ilmoliulampar.is\/en_gb\/wp-json\/wp\/v2\/product_brand?post=54920"},{"taxonomy":"product_cat","embeddable":true,"href":"https:\/\/ilmoliulampar.is\/en_gb\/wp-json\/wp\/v2\/product_cat?post=54920"},{"taxonomy":"product_tag","embeddable":true,"href":"https:\/\/ilmoliulampar.is\/en_gb\/wp-json\/wp\/v2\/product_tag?post=54920"}],"curies":[{"name":"wp","href":"https:\/\/api.w.org\/{rel}","templated":true}]}}