{"id":54923,"date":"2023-05-02T15:17:04","date_gmt":"2023-05-02T15:17:04","guid":{"rendered":"https:\/\/ilmoliulampar.is\/?post_type=product&#038;p=54923"},"modified":"2024-03-15T22:56:17","modified_gmt":"2024-03-15T22:56:17","slug":"snagi-hook-glass-cedar","status":"publish","type":"product","link":"https:\/\/ilmoliulampar.is\/en_gb\/product\/snagi-hook-glass-cedar\/","title":{"rendered":"SNAGI, HOOK GLASS, CEDAR"},"content":{"rendered":"","protected":false},"excerpt":{"rendered":"<p>Glass Hook snagi fr\u00e1 Cozy Living DK, mj\u00f6g fallegt a\u00f0 blanda saman nokkrum ger\u00f0um, st\u00e6r\u00f0um &amp; litum.<\/p>\n<ul>\n<li>Round l\u00edtill : 5 x 3 cm<\/li>\n<\/ul>","protected":false},"featured_media":54924,"comment_status":"open","ping_status":"closed","template":"","meta":[],"product_brand":[],"product_cat":[214],"product_tag":[],"class_list":{"0":"post-54923","1":"product","2":"type-product","3":"status-publish","4":"has-post-thumbnail","6":"product_cat-snagar-2","8":"first","9":"instock","10":"shipping-taxable","11":"purchasable","12":"product-type-simple"},"_links":{"self":[{"href":"https:\/\/ilmoliulampar.is\/en_gb\/wp-json\/wp\/v2\/product\/54923","targetHints":{"allow":["GET"]}}],"collection":[{"href":"https:\/\/ilmoliulampar.is\/en_gb\/wp-json\/wp\/v2\/product"}],"about":[{"href":"https:\/\/ilmoliulampar.is\/en_gb\/wp-json\/wp\/v2\/types\/product"}],"replies":[{"embeddable":true,"href":"https:\/\/ilmoliulampar.is\/en_gb\/wp-json\/wp\/v2\/comments?post=54923"}],"wp:featuredmedia":[{"embeddable":true,"href":"https:\/\/ilmoliulampar.is\/en_gb\/wp-json\/wp\/v2\/media\/54924"}],"wp:attachment":[{"href":"https:\/\/ilmoliulampar.is\/en_gb\/wp-json\/wp\/v2\/media?parent=54923"}],"wp:term":[{"taxonomy":"product_brand","embeddable":true,"href":"https:\/\/ilmoliulampar.is\/en_gb\/wp-json\/wp\/v2\/product_brand?post=54923"},{"taxonomy":"product_cat","embeddable":true,"href":"https:\/\/ilmoliulampar.is\/en_gb\/wp-json\/wp\/v2\/product_cat?post=54923"},{"taxonomy":"product_tag","embeddable":true,"href":"https:\/\/ilmoliulampar.is\/en_gb\/wp-json\/wp\/v2\/product_tag?post=54923"}],"curies":[{"name":"wp","href":"https:\/\/api.w.org\/{rel}","templated":true}]}}