{"id":54928,"date":"2023-05-02T16:01:51","date_gmt":"2023-05-02T16:01:51","guid":{"rendered":"https:\/\/ilmoliulampar.is\/?post_type=product&#038;p=54928"},"modified":"2024-02-01T15:08:48","modified_gmt":"2024-02-01T15:08:48","slug":"snagi-marmari-beige-gold-litill","status":"publish","type":"product","link":"https:\/\/ilmoliulampar.is\/en_gb\/product\/snagi-marmari-beige-gold-litill\/","title":{"rendered":"Snagi &#8211; Marmari, Beige Gold, 2 St\u00e6r\u00f0ir"},"content":{"rendered":"","protected":false},"excerpt":{"rendered":"<p>Fallegur marmara snagi fr\u00e1 fagurkerunum \u00ed Cozy Living DK.<\/p>\n<p><em>Litur: Beige \/ Gold<\/em><\/p>\n<p>2 st\u00e6r\u00f0ir:<\/p>\n<ul>\n<li>L\u00edtill \u2013 st\u00e6r\u00f0 5 x 4,3 cm<\/li>\n<li>St\u00f3r \u2013 st\u00e6r\u00f0 8 x 5.1 cm<\/li>\n<\/ul>\n<p>&nbsp;<\/p>","protected":false},"featured_media":54929,"comment_status":"open","ping_status":"closed","template":"","meta":[],"product_brand":[],"product_cat":[214],"product_tag":[],"class_list":{"0":"post-54928","1":"product","2":"type-product","3":"status-publish","4":"has-post-thumbnail","6":"product_cat-snagar-2","8":"first","9":"instock","10":"shipping-taxable","11":"purchasable","12":"product-type-variable"},"_links":{"self":[{"href":"https:\/\/ilmoliulampar.is\/en_gb\/wp-json\/wp\/v2\/product\/54928","targetHints":{"allow":["GET"]}}],"collection":[{"href":"https:\/\/ilmoliulampar.is\/en_gb\/wp-json\/wp\/v2\/product"}],"about":[{"href":"https:\/\/ilmoliulampar.is\/en_gb\/wp-json\/wp\/v2\/types\/product"}],"replies":[{"embeddable":true,"href":"https:\/\/ilmoliulampar.is\/en_gb\/wp-json\/wp\/v2\/comments?post=54928"}],"wp:featuredmedia":[{"embeddable":true,"href":"https:\/\/ilmoliulampar.is\/en_gb\/wp-json\/wp\/v2\/media\/54929"}],"wp:attachment":[{"href":"https:\/\/ilmoliulampar.is\/en_gb\/wp-json\/wp\/v2\/media?parent=54928"}],"wp:term":[{"taxonomy":"product_brand","embeddable":true,"href":"https:\/\/ilmoliulampar.is\/en_gb\/wp-json\/wp\/v2\/product_brand?post=54928"},{"taxonomy":"product_cat","embeddable":true,"href":"https:\/\/ilmoliulampar.is\/en_gb\/wp-json\/wp\/v2\/product_cat?post=54928"},{"taxonomy":"product_tag","embeddable":true,"href":"https:\/\/ilmoliulampar.is\/en_gb\/wp-json\/wp\/v2\/product_tag?post=54928"}],"curies":[{"name":"wp","href":"https:\/\/api.w.org\/{rel}","templated":true}]}}