{"id":54935,"date":"2023-05-02T16:56:07","date_gmt":"2023-05-02T16:56:07","guid":{"rendered":"https:\/\/ilmoliulampar.is\/?post_type=product&#038;p=54935"},"modified":"2024-04-19T15:50:36","modified_gmt":"2024-04-19T15:50:36","slug":"sjukrakassi-grar","status":"publish","type":"product","link":"https:\/\/ilmoliulampar.is\/en_gb\/product\/sjukrakassi-grar\/","title":{"rendered":"Sj\u00fakrakassi Gr\u00e1r"},"content":{"rendered":"","protected":false},"excerpt":{"rendered":"<p>Geymdu pl\u00e1stra, umb\u00fa\u00f0ir og lyf \u00ed trausta sj\u00fakrakassanum fr\u00e1 Solstickan. Sj\u00fakrakassinn er me\u00f0 samanbrj\u00f3tanlegri festingu til a\u00f0 au\u00f0velda uppsetningu \u00e1 vegg og svo au\u00f0velt s\u00e9 a\u00f0 taka hann me\u00f0 s\u00e9r \u00ed b\u00edlinn, b\u00e1tinn e\u00f0a sumarb\u00fasta\u00f0inn.<\/p>\n<p>Afhent \u00e1n innihalds.<\/p>\n<p><strong>St\u00e6r\u00f0ir:<\/strong> 16,5 x 23 x 7 cm<br \/>\n<strong>Efni:<\/strong> St\u00e1l<br \/>\n<strong>Litur:<\/strong>\u00a0Gr\u00e1r<\/p>","protected":false},"featured_media":54936,"comment_status":"open","ping_status":"closed","template":"","meta":[],"product_brand":[],"product_cat":[220],"product_tag":[],"class_list":{"0":"post-54935","1":"product","2":"type-product","3":"status-publish","4":"has-post-thumbnail","6":"product_cat-solstickan-designeldvarnarvorur-2","8":"first","9":"instock","10":"shipping-taxable","11":"purchasable","12":"product-type-simple"},"_links":{"self":[{"href":"https:\/\/ilmoliulampar.is\/en_gb\/wp-json\/wp\/v2\/product\/54935","targetHints":{"allow":["GET"]}}],"collection":[{"href":"https:\/\/ilmoliulampar.is\/en_gb\/wp-json\/wp\/v2\/product"}],"about":[{"href":"https:\/\/ilmoliulampar.is\/en_gb\/wp-json\/wp\/v2\/types\/product"}],"replies":[{"embeddable":true,"href":"https:\/\/ilmoliulampar.is\/en_gb\/wp-json\/wp\/v2\/comments?post=54935"}],"wp:featuredmedia":[{"embeddable":true,"href":"https:\/\/ilmoliulampar.is\/en_gb\/wp-json\/wp\/v2\/media\/54936"}],"wp:attachment":[{"href":"https:\/\/ilmoliulampar.is\/en_gb\/wp-json\/wp\/v2\/media?parent=54935"}],"wp:term":[{"taxonomy":"product_brand","embeddable":true,"href":"https:\/\/ilmoliulampar.is\/en_gb\/wp-json\/wp\/v2\/product_brand?post=54935"},{"taxonomy":"product_cat","embeddable":true,"href":"https:\/\/ilmoliulampar.is\/en_gb\/wp-json\/wp\/v2\/product_cat?post=54935"},{"taxonomy":"product_tag","embeddable":true,"href":"https:\/\/ilmoliulampar.is\/en_gb\/wp-json\/wp\/v2\/product_tag?post=54935"}],"curies":[{"name":"wp","href":"https:\/\/api.w.org\/{rel}","templated":true}]}}