{"id":55202,"date":"2023-05-17T11:10:57","date_gmt":"2023-05-17T11:10:57","guid":{"rendered":"https:\/\/ilmoliulampar.is\/?post_type=product&#038;p=55202"},"modified":"2024-12-03T14:21:21","modified_gmt":"2024-12-03T14:21:21","slug":"fugl-m-koronu-20cm","status":"publish","type":"product","link":"https:\/\/ilmoliulampar.is\/en_gb\/product\/fugl-m-koronu-20cm\/","title":{"rendered":"Fugl m\/K\u00f3r\u00f3nu 20Cm"},"content":{"rendered":"","protected":false},"excerpt":{"rendered":"<p>Fallegur l\u00edtill fugl m\/ k\u00f3r\u00f3nu<\/p>\n<p>St\u00e6r\u00f0 20 cm x 10 cm x 6.5 cm<\/p>","protected":false},"featured_media":55203,"comment_status":"open","ping_status":"closed","template":"","meta":[],"product_brand":[],"product_cat":[132,251],"product_tag":[],"class_list":{"0":"post-55202","1":"product","2":"type-product","3":"status-publish","4":"has-post-thumbnail","6":"product_cat-heimilid-2","7":"product_cat-stytturogskulpturar","9":"first","10":"instock","11":"shipping-taxable","12":"purchasable","13":"product-type-simple"},"_links":{"self":[{"href":"https:\/\/ilmoliulampar.is\/en_gb\/wp-json\/wp\/v2\/product\/55202","targetHints":{"allow":["GET"]}}],"collection":[{"href":"https:\/\/ilmoliulampar.is\/en_gb\/wp-json\/wp\/v2\/product"}],"about":[{"href":"https:\/\/ilmoliulampar.is\/en_gb\/wp-json\/wp\/v2\/types\/product"}],"replies":[{"embeddable":true,"href":"https:\/\/ilmoliulampar.is\/en_gb\/wp-json\/wp\/v2\/comments?post=55202"}],"wp:featuredmedia":[{"embeddable":true,"href":"https:\/\/ilmoliulampar.is\/en_gb\/wp-json\/wp\/v2\/media\/55203"}],"wp:attachment":[{"href":"https:\/\/ilmoliulampar.is\/en_gb\/wp-json\/wp\/v2\/media?parent=55202"}],"wp:term":[{"taxonomy":"product_brand","embeddable":true,"href":"https:\/\/ilmoliulampar.is\/en_gb\/wp-json\/wp\/v2\/product_brand?post=55202"},{"taxonomy":"product_cat","embeddable":true,"href":"https:\/\/ilmoliulampar.is\/en_gb\/wp-json\/wp\/v2\/product_cat?post=55202"},{"taxonomy":"product_tag","embeddable":true,"href":"https:\/\/ilmoliulampar.is\/en_gb\/wp-json\/wp\/v2\/product_tag?post=55202"}],"curies":[{"name":"wp","href":"https:\/\/api.w.org\/{rel}","templated":true}]}}