{"id":55233,"date":"2025-11-19T11:48:51","date_gmt":"2025-11-19T11:48:51","guid":{"rendered":"https:\/\/ilmoliulampar.is\/?post_type=product&#038;p=55233"},"modified":"2026-04-16T14:52:48","modified_gmt":"2026-04-16T14:52:48","slug":"blomapottur-giraffi","status":"publish","type":"product","link":"https:\/\/ilmoliulampar.is\/en_gb\/product\/blomapottur-giraffi\/","title":{"rendered":"Bl\u00f3mapottur &#8211; G\u00edraffi"},"content":{"rendered":"","protected":false},"excerpt":{"rendered":"<p>Fallegur og vanda\u00f0ur gylltyr g\u00edraffa bl\u00f3mapottur.<\/p>\n<p>St\u00e6r\u00f0<\/p>\n<p>43 x 32 x 39 Cm<\/p>","protected":false},"featured_media":55234,"comment_status":"open","ping_status":"closed","template":"","meta":[],"product_brand":[],"product_cat":[250,132],"product_tag":[],"class_list":{"0":"post-55233","1":"product","2":"type-product","3":"status-publish","4":"has-post-thumbnail","6":"product_cat-blomapottarvasar","7":"product_cat-heimilid-2","9":"first","10":"instock","11":"shipping-taxable","12":"purchasable","13":"product-type-simple"},"_links":{"self":[{"href":"https:\/\/ilmoliulampar.is\/en_gb\/wp-json\/wp\/v2\/product\/55233","targetHints":{"allow":["GET"]}}],"collection":[{"href":"https:\/\/ilmoliulampar.is\/en_gb\/wp-json\/wp\/v2\/product"}],"about":[{"href":"https:\/\/ilmoliulampar.is\/en_gb\/wp-json\/wp\/v2\/types\/product"}],"replies":[{"embeddable":true,"href":"https:\/\/ilmoliulampar.is\/en_gb\/wp-json\/wp\/v2\/comments?post=55233"}],"wp:featuredmedia":[{"embeddable":true,"href":"https:\/\/ilmoliulampar.is\/en_gb\/wp-json\/wp\/v2\/media\/55234"}],"wp:attachment":[{"href":"https:\/\/ilmoliulampar.is\/en_gb\/wp-json\/wp\/v2\/media?parent=55233"}],"wp:term":[{"taxonomy":"product_brand","embeddable":true,"href":"https:\/\/ilmoliulampar.is\/en_gb\/wp-json\/wp\/v2\/product_brand?post=55233"},{"taxonomy":"product_cat","embeddable":true,"href":"https:\/\/ilmoliulampar.is\/en_gb\/wp-json\/wp\/v2\/product_cat?post=55233"},{"taxonomy":"product_tag","embeddable":true,"href":"https:\/\/ilmoliulampar.is\/en_gb\/wp-json\/wp\/v2\/product_tag?post=55233"}],"curies":[{"name":"wp","href":"https:\/\/api.w.org\/{rel}","templated":true}]}}