{"id":55262,"date":"2023-05-22T12:02:58","date_gmt":"2023-05-22T12:02:58","guid":{"rendered":"https:\/\/ilmoliulampar.is\/?post_type=product&#038;p=55262"},"modified":"2024-03-13T06:21:11","modified_gmt":"2024-03-13T06:21:11","slug":"rumteppi-cozy-living","status":"publish","type":"product","link":"https:\/\/ilmoliulampar.is\/en_gb\/product\/rumteppi-cozy-living\/","title":{"rendered":"R\u00famteppi &#8211; Cozy Living"},"content":{"rendered":"","protected":false},"excerpt":{"rendered":"<p>Rosalega vanda\u00f0 og veglegt r\u00famteppi fr\u00e1 danska fyrit\u00e6kinu Cozy living.<\/p>\n<p>\u00feetta er extra st\u00f3rt og \u00feykkt r\u00famteppi sem h\u00e6gt er a\u00f0 sn\u00faa \u00e1 2 vegu.<\/p>\n<p>Litur gr\u00e1br\u00fann \/ drappa\u00f0<\/p>\n<p>St\u00e6r\u00f0 280 x 260 cm<\/p>\n<p>&nbsp;<\/p>","protected":false},"featured_media":55263,"comment_status":"open","ping_status":"closed","template":"","meta":[],"product_brand":[],"product_cat":[132],"product_tag":[],"class_list":{"0":"post-55262","1":"product","2":"type-product","3":"status-publish","4":"has-post-thumbnail","6":"product_cat-heimilid-2","8":"first","9":"instock","10":"shipping-taxable","11":"purchasable","12":"product-type-simple"},"_links":{"self":[{"href":"https:\/\/ilmoliulampar.is\/en_gb\/wp-json\/wp\/v2\/product\/55262","targetHints":{"allow":["GET"]}}],"collection":[{"href":"https:\/\/ilmoliulampar.is\/en_gb\/wp-json\/wp\/v2\/product"}],"about":[{"href":"https:\/\/ilmoliulampar.is\/en_gb\/wp-json\/wp\/v2\/types\/product"}],"replies":[{"embeddable":true,"href":"https:\/\/ilmoliulampar.is\/en_gb\/wp-json\/wp\/v2\/comments?post=55262"}],"wp:featuredmedia":[{"embeddable":true,"href":"https:\/\/ilmoliulampar.is\/en_gb\/wp-json\/wp\/v2\/media\/55263"}],"wp:attachment":[{"href":"https:\/\/ilmoliulampar.is\/en_gb\/wp-json\/wp\/v2\/media?parent=55262"}],"wp:term":[{"taxonomy":"product_brand","embeddable":true,"href":"https:\/\/ilmoliulampar.is\/en_gb\/wp-json\/wp\/v2\/product_brand?post=55262"},{"taxonomy":"product_cat","embeddable":true,"href":"https:\/\/ilmoliulampar.is\/en_gb\/wp-json\/wp\/v2\/product_cat?post=55262"},{"taxonomy":"product_tag","embeddable":true,"href":"https:\/\/ilmoliulampar.is\/en_gb\/wp-json\/wp\/v2\/product_tag?post=55262"}],"curies":[{"name":"wp","href":"https:\/\/api.w.org\/{rel}","templated":true}]}}