{"id":55308,"date":"2023-05-30T14:08:35","date_gmt":"2023-05-30T14:08:35","guid":{"rendered":"https:\/\/ilmoliulampar.is\/?post_type=product&#038;p=55308"},"modified":"2024-07-11T12:02:27","modified_gmt":"2024-07-11T12:02:27","slug":"glitrandi-har-10-litir","status":"publish","type":"product","link":"https:\/\/ilmoliulampar.is\/en_gb\/product\/glitrandi-har-10-litir\/","title":{"rendered":"Glitrandi h\u00e1r &#8211; 10 litir"},"content":{"rendered":"","protected":false},"excerpt":{"rendered":"<p>Glitrandi h\u00e1r 10 mismunandi litir.<\/p>\n<p>Vins\u00e6la TikTok glitrandi h\u00e1ri\u00f0.<\/p>\n<p>10 mismunandi litir.<\/p>\n<p>Helst \u00ed \u00ed allt a\u00f0 8 &#8211; 10 vikur<\/p>\n<p>\u00deolir \u00fevott , bl\u00e1stur , sl\u00e9ttuj\u00e1rn , krulluj\u00e1rn , grei\u00f0a h\u00e1ri\u00f0 !<\/p>\n<p>110 Cm \u00e1 lengd , sem ver\u00f0ur a\u00f0 55 cm svo klippiru bara \u00ed \u00fe\u00edna s\u00eddd.<\/p>\n<p>Svona binduru \u00feetta \u00ed h\u00e1ri\u00f0 .<\/p>\n<p><img fetchpriority=\"high\" decoding=\"async\" class=\"alignnone size-medium wp-image-55309\" src=\"https:\/\/ilmoliulampar.is\/wp-content\/uploads\/2023\/05\/e7b35e09-d3be-46ee-add8-c311de8d1f55.__CR00970600_PT0_SX970_V1___-300x186.png\" alt=\"\" width=\"300\" height=\"186\" srcset=\"https:\/\/ilmoliulampar.is\/wp-content\/uploads\/2023\/05\/e7b35e09-d3be-46ee-add8-c311de8d1f55.__CR00970600_PT0_SX970_V1___-300x186.png 300w, https:\/\/ilmoliulampar.is\/wp-content\/uploads\/2023\/05\/e7b35e09-d3be-46ee-add8-c311de8d1f55.__CR00970600_PT0_SX970_V1___-670x414.png 670w, https:\/\/ilmoliulampar.is\/wp-content\/uploads\/2023\/05\/e7b35e09-d3be-46ee-add8-c311de8d1f55.__CR00970600_PT0_SX970_V1___-768x475.png 768w, https:\/\/ilmoliulampar.is\/wp-content\/uploads\/2023\/05\/e7b35e09-d3be-46ee-add8-c311de8d1f55.__CR00970600_PT0_SX970_V1___-18x12.png 18w, https:\/\/ilmoliulampar.is\/wp-content\/uploads\/2023\/05\/e7b35e09-d3be-46ee-add8-c311de8d1f55.__CR00970600_PT0_SX970_V1___-90x56.png 90w, https:\/\/ilmoliulampar.is\/wp-content\/uploads\/2023\/05\/e7b35e09-d3be-46ee-add8-c311de8d1f55.__CR00970600_PT0_SX970_V1___.png 970w\" sizes=\"(max-width: 300px) 100vw, 300px\" \/><\/p>","protected":false},"featured_media":55335,"comment_status":"open","ping_status":"closed","template":"","meta":[],"product_brand":[],"product_cat":[112,223],"product_tag":[],"class_list":{"0":"post-55308","1":"product","2":"type-product","3":"status-publish","4":"has-post-thumbnail","6":"product_cat-adrar-vorur","7":"product_cat-skoreimar","9":"first","10":"instock","11":"shipping-taxable","12":"purchasable","13":"product-type-variable"},"_links":{"self":[{"href":"https:\/\/ilmoliulampar.is\/en_gb\/wp-json\/wp\/v2\/product\/55308","targetHints":{"allow":["GET"]}}],"collection":[{"href":"https:\/\/ilmoliulampar.is\/en_gb\/wp-json\/wp\/v2\/product"}],"about":[{"href":"https:\/\/ilmoliulampar.is\/en_gb\/wp-json\/wp\/v2\/types\/product"}],"replies":[{"embeddable":true,"href":"https:\/\/ilmoliulampar.is\/en_gb\/wp-json\/wp\/v2\/comments?post=55308"}],"wp:featuredmedia":[{"embeddable":true,"href":"https:\/\/ilmoliulampar.is\/en_gb\/wp-json\/wp\/v2\/media\/55335"}],"wp:attachment":[{"href":"https:\/\/ilmoliulampar.is\/en_gb\/wp-json\/wp\/v2\/media?parent=55308"}],"wp:term":[{"taxonomy":"product_brand","embeddable":true,"href":"https:\/\/ilmoliulampar.is\/en_gb\/wp-json\/wp\/v2\/product_brand?post=55308"},{"taxonomy":"product_cat","embeddable":true,"href":"https:\/\/ilmoliulampar.is\/en_gb\/wp-json\/wp\/v2\/product_cat?post=55308"},{"taxonomy":"product_tag","embeddable":true,"href":"https:\/\/ilmoliulampar.is\/en_gb\/wp-json\/wp\/v2\/product_tag?post=55308"}],"curies":[{"name":"wp","href":"https:\/\/api.w.org\/{rel}","templated":true}]}}