{"id":55406,"date":"2023-06-06T12:18:31","date_gmt":"2023-06-06T12:18:31","guid":{"rendered":"https:\/\/ilmoliulampar.is\/?post_type=product&#038;p=55406"},"modified":"2025-09-15T13:32:11","modified_gmt":"2025-09-15T13:32:11","slug":"blar-hundur-med-gull-smaatridum","status":"publish","type":"product","link":"https:\/\/ilmoliulampar.is\/en_gb\/product\/blar-hundur-med-gull-smaatridum\/","title":{"rendered":"Bl\u00e1r hundur me\u00f0 gull sm\u00e1atri\u00f0um"},"content":{"rendered":"","protected":false},"excerpt":{"rendered":"<p>Ofur kr\u00fattlegur bl\u00e1r hundur me\u00f0 gylltar kl\u00e6r og nef.<\/p>\n<p>H\u00e6\u00f0 28 Cm<\/p>\n<p>Breidd 26 Cm<\/p>\n<p>D\u00fdpt 23 Cm<\/p>\n<p>\u00deyngd 1,8 Kg<\/p>","protected":false},"featured_media":64586,"comment_status":"open","ping_status":"closed","template":"","meta":[],"product_brand":[],"product_cat":[132,251],"product_tag":[],"class_list":{"0":"post-55406","1":"product","2":"type-product","3":"status-publish","4":"has-post-thumbnail","6":"product_cat-heimilid-2","7":"product_cat-stytturogskulpturar","9":"first","10":"instock","11":"shipping-taxable","12":"purchasable","13":"product-type-simple"},"_links":{"self":[{"href":"https:\/\/ilmoliulampar.is\/en_gb\/wp-json\/wp\/v2\/product\/55406","targetHints":{"allow":["GET"]}}],"collection":[{"href":"https:\/\/ilmoliulampar.is\/en_gb\/wp-json\/wp\/v2\/product"}],"about":[{"href":"https:\/\/ilmoliulampar.is\/en_gb\/wp-json\/wp\/v2\/types\/product"}],"replies":[{"embeddable":true,"href":"https:\/\/ilmoliulampar.is\/en_gb\/wp-json\/wp\/v2\/comments?post=55406"}],"wp:featuredmedia":[{"embeddable":true,"href":"https:\/\/ilmoliulampar.is\/en_gb\/wp-json\/wp\/v2\/media\/64586"}],"wp:attachment":[{"href":"https:\/\/ilmoliulampar.is\/en_gb\/wp-json\/wp\/v2\/media?parent=55406"}],"wp:term":[{"taxonomy":"product_brand","embeddable":true,"href":"https:\/\/ilmoliulampar.is\/en_gb\/wp-json\/wp\/v2\/product_brand?post=55406"},{"taxonomy":"product_cat","embeddable":true,"href":"https:\/\/ilmoliulampar.is\/en_gb\/wp-json\/wp\/v2\/product_cat?post=55406"},{"taxonomy":"product_tag","embeddable":true,"href":"https:\/\/ilmoliulampar.is\/en_gb\/wp-json\/wp\/v2\/product_tag?post=55406"}],"curies":[{"name":"wp","href":"https:\/\/api.w.org\/{rel}","templated":true}]}}