{"id":55416,"date":"2023-06-06T12:48:38","date_gmt":"2023-06-06T12:48:38","guid":{"rendered":"https:\/\/ilmoliulampar.is\/?post_type=product&#038;p=55416"},"modified":"2025-09-15T13:24:11","modified_gmt":"2025-09-15T13:24:11","slug":"bleikur-hlaegjandi-flodhestur","status":"publish","type":"product","link":"https:\/\/ilmoliulampar.is\/en_gb\/product\/bleikur-hlaegjandi-flodhestur\/","title":{"rendered":"Bleikur hl\u00e6gjandi Fl\u00f3\u00f0hestur"},"content":{"rendered":"","protected":false},"excerpt":{"rendered":"<p>\u00d3tr\u00falega s\u00e6tur bleikur hl\u00e6gjandi f\u00edll.<\/p>\n<p>H\u00e6\u00f0 40.5 Cm<\/p>\n<p>Breidd 24 Cm<\/p>\n<p>D\u00fdpt 26 Cm<\/p>\n<p>\u00deyngd 2,1 KG<\/p>","protected":false},"featured_media":64582,"comment_status":"open","ping_status":"closed","template":"","meta":[],"product_brand":[],"product_cat":[132,251],"product_tag":[],"class_list":{"0":"post-55416","1":"product","2":"type-product","3":"status-publish","4":"has-post-thumbnail","6":"product_cat-heimilid-2","7":"product_cat-stytturogskulpturar","9":"first","10":"instock","11":"shipping-taxable","12":"purchasable","13":"product-type-simple"},"_links":{"self":[{"href":"https:\/\/ilmoliulampar.is\/en_gb\/wp-json\/wp\/v2\/product\/55416","targetHints":{"allow":["GET"]}}],"collection":[{"href":"https:\/\/ilmoliulampar.is\/en_gb\/wp-json\/wp\/v2\/product"}],"about":[{"href":"https:\/\/ilmoliulampar.is\/en_gb\/wp-json\/wp\/v2\/types\/product"}],"replies":[{"embeddable":true,"href":"https:\/\/ilmoliulampar.is\/en_gb\/wp-json\/wp\/v2\/comments?post=55416"}],"wp:featuredmedia":[{"embeddable":true,"href":"https:\/\/ilmoliulampar.is\/en_gb\/wp-json\/wp\/v2\/media\/64582"}],"wp:attachment":[{"href":"https:\/\/ilmoliulampar.is\/en_gb\/wp-json\/wp\/v2\/media?parent=55416"}],"wp:term":[{"taxonomy":"product_brand","embeddable":true,"href":"https:\/\/ilmoliulampar.is\/en_gb\/wp-json\/wp\/v2\/product_brand?post=55416"},{"taxonomy":"product_cat","embeddable":true,"href":"https:\/\/ilmoliulampar.is\/en_gb\/wp-json\/wp\/v2\/product_cat?post=55416"},{"taxonomy":"product_tag","embeddable":true,"href":"https:\/\/ilmoliulampar.is\/en_gb\/wp-json\/wp\/v2\/product_tag?post=55416"}],"curies":[{"name":"wp","href":"https:\/\/api.w.org\/{rel}","templated":true}]}}