{"id":55458,"date":"2023-06-06T16:57:00","date_gmt":"2023-06-06T16:57:00","guid":{"rendered":"https:\/\/ilmoliulampar.is\/?post_type=product&#038;p=55458"},"modified":"2025-10-29T14:01:26","modified_gmt":"2025-10-29T14:01:26","slug":"xl-apoteks-floskur","status":"publish","type":"product","link":"https:\/\/ilmoliulampar.is\/en_gb\/product\/xl-apoteks-floskur\/","title":{"rendered":"XL &#8222;Ap\u00f3teks&#8220; Fl\u00f6skur"},"content":{"rendered":"","protected":false},"excerpt":{"rendered":"<p>\u00d3tr\u00faleag flottar og vanda\u00f0ar glerfl\u00f6skur me\u00f0 tappa.<\/p>\n<p>Brei\u00f0ari flaskan St\u00e6r\u00f0<\/p>\n<p>H\u00e6\u00f0 37,5 Cm Breidd 22 Cm \u00a0\u00deyngd 2,7 Kg<\/p>","protected":false},"featured_media":55460,"comment_status":"open","ping_status":"closed","template":"","meta":[],"product_brand":[],"product_cat":[132],"product_tag":[],"class_list":{"0":"post-55458","1":"product","2":"type-product","3":"status-publish","4":"has-post-thumbnail","6":"product_cat-heimilid-2","8":"first","9":"instock","10":"shipping-taxable","11":"purchasable","12":"product-type-simple"},"_links":{"self":[{"href":"https:\/\/ilmoliulampar.is\/en_gb\/wp-json\/wp\/v2\/product\/55458","targetHints":{"allow":["GET"]}}],"collection":[{"href":"https:\/\/ilmoliulampar.is\/en_gb\/wp-json\/wp\/v2\/product"}],"about":[{"href":"https:\/\/ilmoliulampar.is\/en_gb\/wp-json\/wp\/v2\/types\/product"}],"replies":[{"embeddable":true,"href":"https:\/\/ilmoliulampar.is\/en_gb\/wp-json\/wp\/v2\/comments?post=55458"}],"wp:featuredmedia":[{"embeddable":true,"href":"https:\/\/ilmoliulampar.is\/en_gb\/wp-json\/wp\/v2\/media\/55460"}],"wp:attachment":[{"href":"https:\/\/ilmoliulampar.is\/en_gb\/wp-json\/wp\/v2\/media?parent=55458"}],"wp:term":[{"taxonomy":"product_brand","embeddable":true,"href":"https:\/\/ilmoliulampar.is\/en_gb\/wp-json\/wp\/v2\/product_brand?post=55458"},{"taxonomy":"product_cat","embeddable":true,"href":"https:\/\/ilmoliulampar.is\/en_gb\/wp-json\/wp\/v2\/product_cat?post=55458"},{"taxonomy":"product_tag","embeddable":true,"href":"https:\/\/ilmoliulampar.is\/en_gb\/wp-json\/wp\/v2\/product_tag?post=55458"}],"curies":[{"name":"wp","href":"https:\/\/api.w.org\/{rel}","templated":true}]}}