{"id":55708,"date":"2023-07-07T16:40:14","date_gmt":"2023-07-07T16:40:14","guid":{"rendered":"https:\/\/ilmoliulampar.is\/?post_type=product&#038;p=55708"},"modified":"2024-12-03T13:33:58","modified_gmt":"2024-12-03T13:33:58","slug":"cozy-living-marmara-hlidarbord","status":"publish","type":"product","link":"https:\/\/ilmoliulampar.is\/en_gb\/product\/cozy-living-marmara-hlidarbord\/","title":{"rendered":"Cozy Living &#8211; Marmara Hli\u00f0arbor\u00f0"},"content":{"rendered":"","protected":false},"excerpt":{"rendered":"<p>St\u00f3rgl\u00e6silegt hli\u00f0arbor\u00f0 fr\u00e1 danska merkinu Cozy Living.<\/p>\n<p>Glerplata ofan\u00e1 og st\u00f3r marmarak\u00fala \u00ed botninn.<\/p>\n<p>H\u00e6\u00f0: 60CM<\/p>\n<p>Breidd: 35CM<\/p>","protected":false},"featured_media":58982,"comment_status":"open","ping_status":"closed","template":"","meta":[],"product_brand":[],"product_cat":[247,132],"product_tag":[],"class_list":{"0":"post-55708","1":"product","2":"type-product","3":"status-publish","4":"has-post-thumbnail","6":"product_cat-bord","7":"product_cat-heimilid-2","9":"first","10":"instock","11":"shipping-taxable","12":"purchasable","13":"product-type-simple"},"_links":{"self":[{"href":"https:\/\/ilmoliulampar.is\/en_gb\/wp-json\/wp\/v2\/product\/55708","targetHints":{"allow":["GET"]}}],"collection":[{"href":"https:\/\/ilmoliulampar.is\/en_gb\/wp-json\/wp\/v2\/product"}],"about":[{"href":"https:\/\/ilmoliulampar.is\/en_gb\/wp-json\/wp\/v2\/types\/product"}],"replies":[{"embeddable":true,"href":"https:\/\/ilmoliulampar.is\/en_gb\/wp-json\/wp\/v2\/comments?post=55708"}],"wp:featuredmedia":[{"embeddable":true,"href":"https:\/\/ilmoliulampar.is\/en_gb\/wp-json\/wp\/v2\/media\/58982"}],"wp:attachment":[{"href":"https:\/\/ilmoliulampar.is\/en_gb\/wp-json\/wp\/v2\/media?parent=55708"}],"wp:term":[{"taxonomy":"product_brand","embeddable":true,"href":"https:\/\/ilmoliulampar.is\/en_gb\/wp-json\/wp\/v2\/product_brand?post=55708"},{"taxonomy":"product_cat","embeddable":true,"href":"https:\/\/ilmoliulampar.is\/en_gb\/wp-json\/wp\/v2\/product_cat?post=55708"},{"taxonomy":"product_tag","embeddable":true,"href":"https:\/\/ilmoliulampar.is\/en_gb\/wp-json\/wp\/v2\/product_tag?post=55708"}],"curies":[{"name":"wp","href":"https:\/\/api.w.org\/{rel}","templated":true}]}}