{"id":55718,"date":"2023-07-07T17:04:00","date_gmt":"2023-07-07T17:04:00","guid":{"rendered":"https:\/\/ilmoliulampar.is\/?post_type=product&#038;p=55718"},"modified":"2024-12-03T13:33:27","modified_gmt":"2024-12-03T13:33:27","slug":"vinrautt-gyllt-hlidarbord","status":"publish","type":"product","link":"https:\/\/ilmoliulampar.is\/en_gb\/product\/vinrautt-gyllt-hlidarbord\/","title":{"rendered":"V\u00ednrautt &#038; Gyllt Hli\u00f0arbor\u00f0"},"content":{"rendered":"","protected":false},"excerpt":{"rendered":"<p>\u00d3tr\u00falega smart v\u00ednrautt og gyllt hli\u00f0arbor\u00f0 \u00far j\u00e1rni.<\/p>\n<p>H\u00e6\u00f0: 63CM<\/p>\n<p>Breidd: 40CM<\/p>","protected":false},"featured_media":55715,"comment_status":"open","ping_status":"closed","template":"","meta":[],"product_brand":[],"product_cat":[247,132],"product_tag":[],"class_list":{"0":"post-55718","1":"product","2":"type-product","3":"status-publish","4":"has-post-thumbnail","6":"product_cat-bord","7":"product_cat-heimilid-2","9":"first","10":"instock","11":"shipping-taxable","12":"purchasable","13":"product-type-simple"},"_links":{"self":[{"href":"https:\/\/ilmoliulampar.is\/en_gb\/wp-json\/wp\/v2\/product\/55718","targetHints":{"allow":["GET"]}}],"collection":[{"href":"https:\/\/ilmoliulampar.is\/en_gb\/wp-json\/wp\/v2\/product"}],"about":[{"href":"https:\/\/ilmoliulampar.is\/en_gb\/wp-json\/wp\/v2\/types\/product"}],"replies":[{"embeddable":true,"href":"https:\/\/ilmoliulampar.is\/en_gb\/wp-json\/wp\/v2\/comments?post=55718"}],"wp:featuredmedia":[{"embeddable":true,"href":"https:\/\/ilmoliulampar.is\/en_gb\/wp-json\/wp\/v2\/media\/55715"}],"wp:attachment":[{"href":"https:\/\/ilmoliulampar.is\/en_gb\/wp-json\/wp\/v2\/media?parent=55718"}],"wp:term":[{"taxonomy":"product_brand","embeddable":true,"href":"https:\/\/ilmoliulampar.is\/en_gb\/wp-json\/wp\/v2\/product_brand?post=55718"},{"taxonomy":"product_cat","embeddable":true,"href":"https:\/\/ilmoliulampar.is\/en_gb\/wp-json\/wp\/v2\/product_cat?post=55718"},{"taxonomy":"product_tag","embeddable":true,"href":"https:\/\/ilmoliulampar.is\/en_gb\/wp-json\/wp\/v2\/product_tag?post=55718"}],"curies":[{"name":"wp","href":"https:\/\/api.w.org\/{rel}","templated":true}]}}