{"id":55749,"date":"2024-07-10T17:13:31","date_gmt":"2024-07-10T17:13:31","guid":{"rendered":"https:\/\/ilmoliulampar.is\/?post_type=product&#038;p=55749"},"modified":"2026-03-18T09:33:10","modified_gmt":"2026-03-18T09:33:10","slug":"tannhvittunarpenni","status":"publish","type":"product","link":"https:\/\/ilmoliulampar.is\/en_gb\/product\/tannhvittunarpenni\/","title":{"rendered":"Tannhv\u00edttunarpenninn"},"content":{"rendered":"","protected":false},"excerpt":{"rendered":"<p>Tannhv\u00edttunarpenninn.<\/p>\n<p>Mj\u00f6g \u00f6flugur tannhv\u00edttunarpenni.<\/p>\n<p>Lei\u00f0beiningar:<\/p>\n<p>Bursta\u00f0u tennurnar, sn\u00fa\u00f0u pennanum vi\u00f0 botninn til \u00feess a\u00f0 f\u00e1 efni\u00f0 framm \u00ed pennann.<\/p>\n<p>Brostu breitt og haltu v\u00f6rum \u00fe\u00ednum fr\u00e1 t\u00f6nnunum me\u00f0an me\u00f0fer\u00f0 stendur, Beri\u00f0 \u00feunnt lag af gelinu \u00e1 tennurnar.<\/p>\n<p>L\u00e1ti\u00f0 geli\u00f0 \u00feorna \u00ed 10m\u00edn og skoli\u00f0 s\u00ed\u00f0an munninn me\u00f0 volgu vatni.<\/p>\n<p>For\u00f0astu a\u00f0 bor\u00f0a e\u00f0a drekka \u00ed 30m\u00edn eftir notkun.<\/p>\n<p>Beri\u00f0 2x \u00e1 dag \u00ed allt a\u00f0 5 daga.<\/p>\n<p>Til a\u00f0 vi\u00f0halda \u00e1rangrinum er gott a\u00f0 nota pennann einu sinni til tvisvar \u00ed viku, e\u00f0a eftir \u00fe\u00f6rfum.<\/p>\n<p>innihaldsefni<br \/>\nGlycerin, Aqua (Water), Phthalimidoperoxycaproic Acid, Ammonium Acryloyldimethyltaurate\/VP Copolymer, PVP, Potassium Citrate, Hydroxyapatite, Sodium Phosphate, Mentha Piperita (Peppermint) Oil, Disodium Phosphate, Potassium Hydroxide, Sodium Saccharin, Sodium Gluconate, t-Butyl Alcohol, PVM\/MA Copolymer, Xanthan Gum, C12-15 Pareth-3, Monosodium Citrate, Titanium Dioxide (CI 77891), Mica, Tin Oxide (CI 77861) Athugi\u00f0 a\u00f0 innihaldsefni geta breyst af og til. \u00de\u00fa finnur uppf\u00e6r\u00f0an lista yfir innihaldsefni \u00e1 pakkningunni.<\/p>\n<p>V\u00f6rurnar eru kl\u00edn\u00edskt pr\u00f3fa\u00f0ar<\/p>","protected":false},"featured_media":67854,"comment_status":"open","ping_status":"closed","template":"","meta":[],"product_brand":[],"product_cat":[122],"product_tag":[],"class_list":{"0":"post-55749","1":"product","2":"type-product","3":"status-publish","4":"has-post-thumbnail","6":"product_cat-tannhvittun","8":"first","9":"instock","10":"shipping-taxable","11":"purchasable","12":"product-type-simple"},"_links":{"self":[{"href":"https:\/\/ilmoliulampar.is\/en_gb\/wp-json\/wp\/v2\/product\/55749","targetHints":{"allow":["GET"]}}],"collection":[{"href":"https:\/\/ilmoliulampar.is\/en_gb\/wp-json\/wp\/v2\/product"}],"about":[{"href":"https:\/\/ilmoliulampar.is\/en_gb\/wp-json\/wp\/v2\/types\/product"}],"replies":[{"embeddable":true,"href":"https:\/\/ilmoliulampar.is\/en_gb\/wp-json\/wp\/v2\/comments?post=55749"}],"wp:featuredmedia":[{"embeddable":true,"href":"https:\/\/ilmoliulampar.is\/en_gb\/wp-json\/wp\/v2\/media\/67854"}],"wp:attachment":[{"href":"https:\/\/ilmoliulampar.is\/en_gb\/wp-json\/wp\/v2\/media?parent=55749"}],"wp:term":[{"taxonomy":"product_brand","embeddable":true,"href":"https:\/\/ilmoliulampar.is\/en_gb\/wp-json\/wp\/v2\/product_brand?post=55749"},{"taxonomy":"product_cat","embeddable":true,"href":"https:\/\/ilmoliulampar.is\/en_gb\/wp-json\/wp\/v2\/product_cat?post=55749"},{"taxonomy":"product_tag","embeddable":true,"href":"https:\/\/ilmoliulampar.is\/en_gb\/wp-json\/wp\/v2\/product_tag?post=55749"}],"curies":[{"name":"wp","href":"https:\/\/api.w.org\/{rel}","templated":true}]}}