{"id":56065,"date":"2023-07-24T16:41:04","date_gmt":"2023-07-24T16:41:04","guid":{"rendered":"https:\/\/ilmoliulampar.is\/?post_type=product&#038;p=56065"},"modified":"2025-03-21T14:31:35","modified_gmt":"2025-03-21T14:31:35","slug":"krukka-med-pafagaukaloki-stor","status":"publish","type":"product","link":"https:\/\/ilmoliulampar.is\/en_gb\/product\/krukka-med-pafagaukaloki-stor\/","title":{"rendered":"Sv\u00f6rt tr\u00e9 kr\u00fas me\u00f0 p\u00e1fagaukaloki &#8211; St\u00f3r &#8211; Einst\u00f6k"},"content":{"rendered":"","protected":false},"excerpt":{"rendered":"<p>Sv\u00f6rt tr\u00e9 krukka ( Dreka\u00e1v\u00f6xtur ) me\u00f0 gylltum p\u00e1fagauk \u00e1 lokinu. Einstaklega falleg og \u00f6\u00f0ruv\u00edsi.<\/p>\n<p>H\u00e6\u00f0 40 Cm<\/p>\n<p>Breidd : 25 Cm<\/p>","protected":false},"featured_media":63227,"comment_status":"open","ping_status":"closed","template":"","meta":[],"product_brand":[],"product_cat":[132],"product_tag":[],"class_list":{"0":"post-56065","1":"product","2":"type-product","3":"status-publish","4":"has-post-thumbnail","6":"product_cat-heimilid-2","8":"first","9":"instock","10":"shipping-taxable","11":"purchasable","12":"product-type-simple"},"_links":{"self":[{"href":"https:\/\/ilmoliulampar.is\/en_gb\/wp-json\/wp\/v2\/product\/56065","targetHints":{"allow":["GET"]}}],"collection":[{"href":"https:\/\/ilmoliulampar.is\/en_gb\/wp-json\/wp\/v2\/product"}],"about":[{"href":"https:\/\/ilmoliulampar.is\/en_gb\/wp-json\/wp\/v2\/types\/product"}],"replies":[{"embeddable":true,"href":"https:\/\/ilmoliulampar.is\/en_gb\/wp-json\/wp\/v2\/comments?post=56065"}],"wp:featuredmedia":[{"embeddable":true,"href":"https:\/\/ilmoliulampar.is\/en_gb\/wp-json\/wp\/v2\/media\/63227"}],"wp:attachment":[{"href":"https:\/\/ilmoliulampar.is\/en_gb\/wp-json\/wp\/v2\/media?parent=56065"}],"wp:term":[{"taxonomy":"product_brand","embeddable":true,"href":"https:\/\/ilmoliulampar.is\/en_gb\/wp-json\/wp\/v2\/product_brand?post=56065"},{"taxonomy":"product_cat","embeddable":true,"href":"https:\/\/ilmoliulampar.is\/en_gb\/wp-json\/wp\/v2\/product_cat?post=56065"},{"taxonomy":"product_tag","embeddable":true,"href":"https:\/\/ilmoliulampar.is\/en_gb\/wp-json\/wp\/v2\/product_tag?post=56065"}],"curies":[{"name":"wp","href":"https:\/\/api.w.org\/{rel}","templated":true}]}}