{"id":56197,"date":"2023-07-27T16:27:43","date_gmt":"2023-07-27T16:27:43","guid":{"rendered":"https:\/\/ilmoliulampar.is\/?post_type=product&#038;p=56197"},"modified":"2024-07-09T10:58:02","modified_gmt":"2024-07-09T10:58:02","slug":"hurdastoppari-gull-stong","status":"publish","type":"product","link":"https:\/\/ilmoliulampar.is\/en_gb\/product\/hurdastoppari-gull-stong\/","title":{"rendered":"Hur\u00f0astoppari &#8211; Gull st\u00f6ng"},"content":{"rendered":"","protected":false},"excerpt":{"rendered":"<p>Gull st\u00f6ng &#8220; 12,5 kg &#8220; Hur\u00f0astoppari.<\/p>\n<p>H\u00e6\u00f0:4,5 cm<br \/>\nBreidd:21,5 cm<br \/>\nD\u00fdpt: 9 cm<\/p>\n<p>\u00deyngd : 1,9 Kg<\/p>","protected":false},"featured_media":56199,"comment_status":"open","ping_status":"closed","template":"","meta":[],"product_brand":[],"product_cat":[132,230],"product_tag":[],"class_list":{"0":"post-56197","1":"product","2":"type-product","3":"status-publish","4":"has-post-thumbnail","6":"product_cat-heimilid-2","7":"product_cat-laekkadverd","9":"first","10":"instock","11":"sale","12":"shipping-taxable","13":"purchasable","14":"product-type-simple"},"_links":{"self":[{"href":"https:\/\/ilmoliulampar.is\/en_gb\/wp-json\/wp\/v2\/product\/56197","targetHints":{"allow":["GET"]}}],"collection":[{"href":"https:\/\/ilmoliulampar.is\/en_gb\/wp-json\/wp\/v2\/product"}],"about":[{"href":"https:\/\/ilmoliulampar.is\/en_gb\/wp-json\/wp\/v2\/types\/product"}],"replies":[{"embeddable":true,"href":"https:\/\/ilmoliulampar.is\/en_gb\/wp-json\/wp\/v2\/comments?post=56197"}],"wp:featuredmedia":[{"embeddable":true,"href":"https:\/\/ilmoliulampar.is\/en_gb\/wp-json\/wp\/v2\/media\/56199"}],"wp:attachment":[{"href":"https:\/\/ilmoliulampar.is\/en_gb\/wp-json\/wp\/v2\/media?parent=56197"}],"wp:term":[{"taxonomy":"product_brand","embeddable":true,"href":"https:\/\/ilmoliulampar.is\/en_gb\/wp-json\/wp\/v2\/product_brand?post=56197"},{"taxonomy":"product_cat","embeddable":true,"href":"https:\/\/ilmoliulampar.is\/en_gb\/wp-json\/wp\/v2\/product_cat?post=56197"},{"taxonomy":"product_tag","embeddable":true,"href":"https:\/\/ilmoliulampar.is\/en_gb\/wp-json\/wp\/v2\/product_tag?post=56197"}],"curies":[{"name":"wp","href":"https:\/\/api.w.org\/{rel}","templated":true}]}}