{"id":56238,"date":"2023-07-29T11:16:32","date_gmt":"2023-07-29T11:16:32","guid":{"rendered":"https:\/\/ilmoliulampar.is\/?post_type=product&#038;p=56238"},"modified":"2024-11-16T06:50:03","modified_gmt":"2024-11-16T06:50:03","slug":"sett-med-3-geymsluboxum","status":"publish","type":"product","link":"https:\/\/ilmoliulampar.is\/en_gb\/product\/sett-med-3-geymsluboxum\/","title":{"rendered":"Geymslubox 3 st\u00e6r\u00f0ir"},"content":{"rendered":"","protected":false},"excerpt":{"rendered":"<p>Gl\u00e6silegir l\u00faxus geymslukassar\/box.<br \/>\n\u00deeir eru flauelsf\u00f3\u00f0ra\u00f0ir me\u00f0 gull haldi sem gefur \u00feeim l\u00faxus \u00fatlit.<\/p>\n<p>St\u00f3r : 35 x 8 cm<br \/>\nMi\u00f0 : 30 x 8 cm<br \/>\nL\u00edtill : 25 x 8 cm<\/p>","protected":false},"featured_media":60908,"comment_status":"open","ping_status":"closed","template":"","meta":[],"product_brand":[],"product_cat":[132],"product_tag":[],"class_list":{"0":"post-56238","1":"product","2":"type-product","3":"status-publish","4":"has-post-thumbnail","6":"product_cat-heimilid-2","8":"first","9":"instock","10":"shipping-taxable","11":"purchasable","12":"product-type-variable"},"_links":{"self":[{"href":"https:\/\/ilmoliulampar.is\/en_gb\/wp-json\/wp\/v2\/product\/56238","targetHints":{"allow":["GET"]}}],"collection":[{"href":"https:\/\/ilmoliulampar.is\/en_gb\/wp-json\/wp\/v2\/product"}],"about":[{"href":"https:\/\/ilmoliulampar.is\/en_gb\/wp-json\/wp\/v2\/types\/product"}],"replies":[{"embeddable":true,"href":"https:\/\/ilmoliulampar.is\/en_gb\/wp-json\/wp\/v2\/comments?post=56238"}],"wp:featuredmedia":[{"embeddable":true,"href":"https:\/\/ilmoliulampar.is\/en_gb\/wp-json\/wp\/v2\/media\/60908"}],"wp:attachment":[{"href":"https:\/\/ilmoliulampar.is\/en_gb\/wp-json\/wp\/v2\/media?parent=56238"}],"wp:term":[{"taxonomy":"product_brand","embeddable":true,"href":"https:\/\/ilmoliulampar.is\/en_gb\/wp-json\/wp\/v2\/product_brand?post=56238"},{"taxonomy":"product_cat","embeddable":true,"href":"https:\/\/ilmoliulampar.is\/en_gb\/wp-json\/wp\/v2\/product_cat?post=56238"},{"taxonomy":"product_tag","embeddable":true,"href":"https:\/\/ilmoliulampar.is\/en_gb\/wp-json\/wp\/v2\/product_tag?post=56238"}],"curies":[{"name":"wp","href":"https:\/\/api.w.org\/{rel}","templated":true}]}}