{"id":56357,"date":"2023-08-14T12:57:02","date_gmt":"2023-08-14T12:57:02","guid":{"rendered":"https:\/\/ilmoliulampar.is\/?post_type=product&#038;p=56357"},"modified":"2026-01-27T13:19:40","modified_gmt":"2026-01-27T13:19:40","slug":"sea-mist-ilmstangir","status":"publish","type":"product","link":"https:\/\/ilmoliulampar.is\/en_gb\/product\/sea-mist-ilmstangir\/","title":{"rendered":"Sea Mist &#8211; ilmstangir"},"content":{"rendered":"","protected":false},"excerpt":{"rendered":"<p>Ilmstangirnar fr\u00e1 Made By Zen eru mj\u00f6g vanda\u00f0ar, koma \u00ed einstaklega fallegum fl\u00f6skum &amp; umb\u00fa\u00f0um.<\/p>\n<p>Sea Mist er mj\u00f6g ferskur og g\u00f3\u00f0ur ilmur af amalfi appels\u00ednubl\u00f3mi, garden\u00edu, liljum, piparmintu &amp; hl\u00fdjum amber.<\/p>\n<p>200ML<\/p>\n<p>&nbsp;<\/p>\n<p>&nbsp;<\/p>\n<p>&nbsp;<\/p>","protected":false},"featured_media":56358,"comment_status":"open","ping_status":"closed","template":"","meta":[],"product_brand":[],"product_cat":[123,200,180],"product_tag":[],"class_list":{"0":"post-56357","1":"product","2":"type-product","3":"status-publish","4":"has-post-thumbnail","6":"product_cat-ilmstangir","7":"product_cat-ilmstangir-oliur","8":"product_cat-ilmvorur","10":"first","11":"instock","12":"shipping-taxable","13":"purchasable","14":"product-type-simple"},"_links":{"self":[{"href":"https:\/\/ilmoliulampar.is\/en_gb\/wp-json\/wp\/v2\/product\/56357","targetHints":{"allow":["GET"]}}],"collection":[{"href":"https:\/\/ilmoliulampar.is\/en_gb\/wp-json\/wp\/v2\/product"}],"about":[{"href":"https:\/\/ilmoliulampar.is\/en_gb\/wp-json\/wp\/v2\/types\/product"}],"replies":[{"embeddable":true,"href":"https:\/\/ilmoliulampar.is\/en_gb\/wp-json\/wp\/v2\/comments?post=56357"}],"wp:featuredmedia":[{"embeddable":true,"href":"https:\/\/ilmoliulampar.is\/en_gb\/wp-json\/wp\/v2\/media\/56358"}],"wp:attachment":[{"href":"https:\/\/ilmoliulampar.is\/en_gb\/wp-json\/wp\/v2\/media?parent=56357"}],"wp:term":[{"taxonomy":"product_brand","embeddable":true,"href":"https:\/\/ilmoliulampar.is\/en_gb\/wp-json\/wp\/v2\/product_brand?post=56357"},{"taxonomy":"product_cat","embeddable":true,"href":"https:\/\/ilmoliulampar.is\/en_gb\/wp-json\/wp\/v2\/product_cat?post=56357"},{"taxonomy":"product_tag","embeddable":true,"href":"https:\/\/ilmoliulampar.is\/en_gb\/wp-json\/wp\/v2\/product_tag?post=56357"}],"curies":[{"name":"wp","href":"https:\/\/api.w.org\/{rel}","templated":true}]}}