{"id":56365,"date":"2023-08-15T13:36:48","date_gmt":"2023-08-15T13:36:48","guid":{"rendered":"https:\/\/ilmoliulampar.is\/?post_type=product&#038;p=56365"},"modified":"2024-03-23T21:43:58","modified_gmt":"2024-03-23T21:43:58","slug":"glerlukt-2-staerdir","status":"publish","type":"product","link":"https:\/\/ilmoliulampar.is\/en_gb\/product\/glerlukt-2-staerdir\/","title":{"rendered":"Glerlukt &#8211; 2 st\u00e6r\u00f0ir 30% afsl\u00e1ttur"},"content":{"rendered":"","protected":false},"excerpt":{"rendered":"<p>\u00d3tr\u00falega fallegar luktir me\u00f0 lj\u00f3saperu.<br \/>\nGanga fyrir batter\u00edum.<\/p>\n<p>L\u00edtill st\u00e6r\u00f0 :<br \/>\nH\u00e6\u00f0: 12,5 Cm<br \/>\nBreidd : 9 Cm<\/p>\n<p>St\u00f3r st\u00e6r\u00f0:<br \/>\nH\u00e6\u00f0:15 Cm<br \/>\nBreidd : 10 Cm<\/p>","protected":false},"featured_media":56366,"comment_status":"open","ping_status":"closed","template":"","meta":[],"product_brand":[],"product_cat":[132,230,121],"product_tag":[],"class_list":{"0":"post-56365","1":"product","2":"type-product","3":"status-publish","4":"has-post-thumbnail","6":"product_cat-heimilid-2","7":"product_cat-laekkadverd","8":"product_cat-tilbod-adrar-vorur","10":"first","11":"instock","12":"sale","13":"shipping-taxable","14":"purchasable","15":"product-type-variable"},"_links":{"self":[{"href":"https:\/\/ilmoliulampar.is\/en_gb\/wp-json\/wp\/v2\/product\/56365","targetHints":{"allow":["GET"]}}],"collection":[{"href":"https:\/\/ilmoliulampar.is\/en_gb\/wp-json\/wp\/v2\/product"}],"about":[{"href":"https:\/\/ilmoliulampar.is\/en_gb\/wp-json\/wp\/v2\/types\/product"}],"replies":[{"embeddable":true,"href":"https:\/\/ilmoliulampar.is\/en_gb\/wp-json\/wp\/v2\/comments?post=56365"}],"wp:featuredmedia":[{"embeddable":true,"href":"https:\/\/ilmoliulampar.is\/en_gb\/wp-json\/wp\/v2\/media\/56366"}],"wp:attachment":[{"href":"https:\/\/ilmoliulampar.is\/en_gb\/wp-json\/wp\/v2\/media?parent=56365"}],"wp:term":[{"taxonomy":"product_brand","embeddable":true,"href":"https:\/\/ilmoliulampar.is\/en_gb\/wp-json\/wp\/v2\/product_brand?post=56365"},{"taxonomy":"product_cat","embeddable":true,"href":"https:\/\/ilmoliulampar.is\/en_gb\/wp-json\/wp\/v2\/product_cat?post=56365"},{"taxonomy":"product_tag","embeddable":true,"href":"https:\/\/ilmoliulampar.is\/en_gb\/wp-json\/wp\/v2\/product_tag?post=56365"}],"curies":[{"name":"wp","href":"https:\/\/api.w.org\/{rel}","templated":true}]}}