{"id":56391,"date":"2025-11-18T11:35:47","date_gmt":"2025-11-18T11:35:47","guid":{"rendered":"https:\/\/ilmoliulampar.is\/?post_type=product&#038;p=56391"},"modified":"2026-01-30T14:08:16","modified_gmt":"2026-01-30T14:08:16","slug":"disko-ilmoliulampi","status":"publish","type":"product","link":"https:\/\/ilmoliulampar.is\/en_gb\/product\/disko-ilmoliulampi\/","title":{"rendered":"DISK\u00d3 &#8211; ilmol\u00edulampi"},"content":{"rendered":"","protected":false},"excerpt":{"rendered":"<p>Disk\u00f3k\u00falan er einstaklega skemmtilegur ilmol\u00edulampi.<br \/>\nDisk\u00f3k\u00falan sn\u00fdst og \u00fea\u00f0 eru 7 litir af Led lj\u00f3si \u00ed lampanum.<\/p>\n<p>Hann tekur 90 ml af vatni og er me\u00f0 nokkrar stillingar.<br \/>\n\u00de\u00fa getur vali\u00f0 hvort hann s\u00e9 \u00ed gangi \u00ed 1, 2, 3 klst e\u00f0a \u00fe\u00fa getur l\u00e1ti\u00f0 hann kl\u00e1ra tankinn me\u00f0 \u00fev\u00ed a\u00f0 gefa gufu \u00ed 10 sek og sl\u00f6kkva \u00ed 10 sek.<\/p>\n<p>\u00dea\u00f0 eru 2 hra\u00f0astilingar \u00e1 sn\u00faningnum \u00e1 disk\u00f3 k\u00falunni.<\/p>\n<p>Disk\u00f3 k\u00falan er fr\u00e1b\u00e6r ilmgjafi sem dreifir \u00fe\u00ednum upp\u00e1halds ilmi um heimili \u00feitt.<\/p>\n<p>Me\u00f0 \u00fev\u00ed a\u00f0 setja \u00ed hann vatn og nokkra dropa af ilmol\u00edu e\u00f0a ilmkjarnaol\u00edu og \u00fdta \u00e1 takka \u00fe\u00e1 dreyfir hann \u00e1n \u00feess \u00fe\u00f3 a\u00f0 hita, f\u00ednum \u00fa\u00f0a og ilmandi gufu \u00fat \u00ed andr\u00famslofti\u00f0 sem \u00f6rvar skynf\u00e6rin og gerir \u00fe\u00e9r kleift a\u00f0 s\u00f6kkva inn \u00ed afslappa\u00f0an heim heilunar og jafnv\u00e6gis. \u00deetta er talin vera besta lei\u00f0in til \u00feess dreifa ilmi \u00ed andr\u00famslofti\u00f0, \u00fear sem ilmol\u00edulamparnir hita EKKI ol\u00edurnar og ver\u00f0a \u00fe\u00e6r \u00fev\u00ed ekki fyrir neinum skemmdum.<\/p>\n<p>H\u00e6\u00f0: 17 Cm<br \/>\nBreidd: 15,2 Cm<\/p>\n<p>&nbsp;<\/p>\n<p>&nbsp;<\/p>","protected":false},"featured_media":56392,"comment_status":"open","ping_status":"closed","template":"","meta":[],"product_brand":[],"product_cat":[117,182,230,107,116,121,113],"product_tag":[],"class_list":{"0":"post-56391","1":"product","2":"type-product","3":"status-publish","4":"has-post-thumbnail","6":"product_cat-black-friday","7":"product_cat-ilmoliulampar","8":"product_cat-laekkadverd","9":"product_cat-lampar","10":"product_cat-tilbod","11":"product_cat-tilbod-adrar-vorur","12":"product_cat-utsala","14":"first","15":"instock","16":"sale","17":"shipping-taxable","18":"purchasable","19":"product-type-simple"},"_links":{"self":[{"href":"https:\/\/ilmoliulampar.is\/en_gb\/wp-json\/wp\/v2\/product\/56391","targetHints":{"allow":["GET"]}}],"collection":[{"href":"https:\/\/ilmoliulampar.is\/en_gb\/wp-json\/wp\/v2\/product"}],"about":[{"href":"https:\/\/ilmoliulampar.is\/en_gb\/wp-json\/wp\/v2\/types\/product"}],"replies":[{"embeddable":true,"href":"https:\/\/ilmoliulampar.is\/en_gb\/wp-json\/wp\/v2\/comments?post=56391"}],"wp:featuredmedia":[{"embeddable":true,"href":"https:\/\/ilmoliulampar.is\/en_gb\/wp-json\/wp\/v2\/media\/56392"}],"wp:attachment":[{"href":"https:\/\/ilmoliulampar.is\/en_gb\/wp-json\/wp\/v2\/media?parent=56391"}],"wp:term":[{"taxonomy":"product_brand","embeddable":true,"href":"https:\/\/ilmoliulampar.is\/en_gb\/wp-json\/wp\/v2\/product_brand?post=56391"},{"taxonomy":"product_cat","embeddable":true,"href":"https:\/\/ilmoliulampar.is\/en_gb\/wp-json\/wp\/v2\/product_cat?post=56391"},{"taxonomy":"product_tag","embeddable":true,"href":"https:\/\/ilmoliulampar.is\/en_gb\/wp-json\/wp\/v2\/product_tag?post=56391"}],"curies":[{"name":"wp","href":"https:\/\/api.w.org\/{rel}","templated":true}]}}