{"id":56430,"date":"2023-08-26T11:37:28","date_gmt":"2023-08-26T11:37:28","guid":{"rendered":"https:\/\/ilmoliulampar.is\/?post_type=product&#038;p=56430"},"modified":"2024-07-15T14:27:41","modified_gmt":"2024-07-15T14:27:41","slug":"spegill-gylltur-grar","status":"publish","type":"product","link":"https:\/\/ilmoliulampar.is\/en_gb\/product\/spegill-gylltur-grar\/","title":{"rendered":"Spegill gylltur &#038; gr\u00e1r"},"content":{"rendered":"","protected":false},"excerpt":{"rendered":"<p>\u00d3tr\u00falega fallegur og vanda\u00f0ur spegill.<br \/>\nSpegillinn getur sn\u00fai\u00f0 \u00e1 tvo vegu.<br \/>\nreyklita\u00f0ur &amp; gylltur.<\/p>\n<p>St\u00e6r\u00f0<br \/>\nH\u00e6\u00f0 :75 cm<br \/>\nBreidd :90 cm<br \/>\nD\u00fdpt :9,5 cm<\/p>","protected":false},"featured_media":56431,"comment_status":"open","ping_status":"closed","template":"","meta":[],"product_brand":[],"product_cat":[132],"product_tag":[],"class_list":{"0":"post-56430","1":"product","2":"type-product","3":"status-publish","4":"has-post-thumbnail","6":"product_cat-heimilid-2","8":"first","9":"outofstock","10":"shipping-taxable","11":"purchasable","12":"product-type-simple"},"_links":{"self":[{"href":"https:\/\/ilmoliulampar.is\/en_gb\/wp-json\/wp\/v2\/product\/56430","targetHints":{"allow":["GET"]}}],"collection":[{"href":"https:\/\/ilmoliulampar.is\/en_gb\/wp-json\/wp\/v2\/product"}],"about":[{"href":"https:\/\/ilmoliulampar.is\/en_gb\/wp-json\/wp\/v2\/types\/product"}],"replies":[{"embeddable":true,"href":"https:\/\/ilmoliulampar.is\/en_gb\/wp-json\/wp\/v2\/comments?post=56430"}],"wp:featuredmedia":[{"embeddable":true,"href":"https:\/\/ilmoliulampar.is\/en_gb\/wp-json\/wp\/v2\/media\/56431"}],"wp:attachment":[{"href":"https:\/\/ilmoliulampar.is\/en_gb\/wp-json\/wp\/v2\/media?parent=56430"}],"wp:term":[{"taxonomy":"product_brand","embeddable":true,"href":"https:\/\/ilmoliulampar.is\/en_gb\/wp-json\/wp\/v2\/product_brand?post=56430"},{"taxonomy":"product_cat","embeddable":true,"href":"https:\/\/ilmoliulampar.is\/en_gb\/wp-json\/wp\/v2\/product_cat?post=56430"},{"taxonomy":"product_tag","embeddable":true,"href":"https:\/\/ilmoliulampar.is\/en_gb\/wp-json\/wp\/v2\/product_tag?post=56430"}],"curies":[{"name":"wp","href":"https:\/\/api.w.org\/{rel}","templated":true}]}}