{"id":56474,"date":"2023-08-31T12:45:00","date_gmt":"2023-08-31T12:45:00","guid":{"rendered":"https:\/\/ilmoliulampar.is\/?post_type=product&#038;p=56474"},"modified":"2026-03-11T13:43:42","modified_gmt":"2026-03-11T13:43:42","slug":"golden-sands-vs-type-ilmolia","status":"publish","type":"product","link":"https:\/\/ilmoliulampar.is\/en_gb\/product\/golden-sands-vs-type-ilmolia\/","title":{"rendered":"GOLDEN SANDS &#8211; VS"},"content":{"rendered":"","protected":false},"excerpt":{"rendered":"<p><strong>Ilmol\u00eda<\/strong> sem er eins og Golden Sands lyktin fr\u00e1 Victoriu Secret.<\/p>\n<p>Tiare flower, cracked coconut &amp; beachy driftwood, ilmar eins og parad\u00eds&#8230;<\/p>\n<p><em>(ATH. um er a\u00f0 r\u00e6\u00f0a ilmol\u00edu, myndin er notu\u00f0 til \u00feess a\u00f0 l\u00fdsa ilminum sem \u00e1tt er vi\u00f0)<\/em><\/p>\n<p>&nbsp;<\/p>","protected":false},"featured_media":56475,"comment_status":"open","ping_status":"closed","template":"","meta":[],"product_brand":[],"product_cat":[109,195,180,141,209,108],"product_tag":[],"class_list":{"0":"post-56474","1":"product","2":"type-product","3":"status-publish","4":"has-post-thumbnail","6":"product_cat-ilmoliur","7":"product_cat-ilmoliur-oliur","8":"product_cat-ilmvorur","9":"product_cat-nyjar-oliur","10":"product_cat-nyjar-oliur-oliur","11":"product_cat-oliur","13":"first","14":"instock","15":"shipping-taxable","16":"purchasable","17":"product-type-simple"},"_links":{"self":[{"href":"https:\/\/ilmoliulampar.is\/en_gb\/wp-json\/wp\/v2\/product\/56474","targetHints":{"allow":["GET"]}}],"collection":[{"href":"https:\/\/ilmoliulampar.is\/en_gb\/wp-json\/wp\/v2\/product"}],"about":[{"href":"https:\/\/ilmoliulampar.is\/en_gb\/wp-json\/wp\/v2\/types\/product"}],"replies":[{"embeddable":true,"href":"https:\/\/ilmoliulampar.is\/en_gb\/wp-json\/wp\/v2\/comments?post=56474"}],"wp:featuredmedia":[{"embeddable":true,"href":"https:\/\/ilmoliulampar.is\/en_gb\/wp-json\/wp\/v2\/media\/56475"}],"wp:attachment":[{"href":"https:\/\/ilmoliulampar.is\/en_gb\/wp-json\/wp\/v2\/media?parent=56474"}],"wp:term":[{"taxonomy":"product_brand","embeddable":true,"href":"https:\/\/ilmoliulampar.is\/en_gb\/wp-json\/wp\/v2\/product_brand?post=56474"},{"taxonomy":"product_cat","embeddable":true,"href":"https:\/\/ilmoliulampar.is\/en_gb\/wp-json\/wp\/v2\/product_cat?post=56474"},{"taxonomy":"product_tag","embeddable":true,"href":"https:\/\/ilmoliulampar.is\/en_gb\/wp-json\/wp\/v2\/product_tag?post=56474"}],"curies":[{"name":"wp","href":"https:\/\/api.w.org\/{rel}","templated":true}]}}