{"id":56566,"date":"2023-09-05T16:47:35","date_gmt":"2023-09-05T16:47:35","guid":{"rendered":"https:\/\/ilmoliulampar.is\/?post_type=product&#038;p=56566"},"modified":"2025-08-21T17:25:14","modified_gmt":"2025-08-21T17:25:14","slug":"sett-af-2-svortum-bordum-u-jarni","status":"publish","type":"product","link":"https:\/\/ilmoliulampar.is\/en_gb\/product\/sett-af-2-svortum-bordum-u-jarni\/","title":{"rendered":"Sett af 2 sv\u00f6rtum bor\u00f0um \u00fa j\u00e1rni"},"content":{"rendered":"","protected":false},"excerpt":{"rendered":"<p>\u00d3tr\u00falega flott og vanda\u00f0 sett af sv\u00f6rtum bor\u00f0um \u00far j\u00e1rni.<\/p>\n<p>L\u00e6gra bor\u00f0i\u00f0<br \/>\nH\u00e6\u00f0:48 cm<br \/>\nBreidd:38 cm<\/p>\n<p>H\u00e6rra bor\u00f0<br \/>\nH\u00e6\u00f0: 60 cm<br \/>\nBreidd: 44 cm<\/p>","protected":false},"featured_media":64528,"comment_status":"open","ping_status":"closed","template":"","meta":[],"product_brand":[],"product_cat":[247,132],"product_tag":[],"class_list":{"0":"post-56566","1":"product","2":"type-product","3":"status-publish","4":"has-post-thumbnail","6":"product_cat-bord","7":"product_cat-heimilid-2","9":"first","10":"instock","11":"shipping-taxable","12":"purchasable","13":"product-type-simple"},"_links":{"self":[{"href":"https:\/\/ilmoliulampar.is\/en_gb\/wp-json\/wp\/v2\/product\/56566","targetHints":{"allow":["GET"]}}],"collection":[{"href":"https:\/\/ilmoliulampar.is\/en_gb\/wp-json\/wp\/v2\/product"}],"about":[{"href":"https:\/\/ilmoliulampar.is\/en_gb\/wp-json\/wp\/v2\/types\/product"}],"replies":[{"embeddable":true,"href":"https:\/\/ilmoliulampar.is\/en_gb\/wp-json\/wp\/v2\/comments?post=56566"}],"wp:featuredmedia":[{"embeddable":true,"href":"https:\/\/ilmoliulampar.is\/en_gb\/wp-json\/wp\/v2\/media\/64528"}],"wp:attachment":[{"href":"https:\/\/ilmoliulampar.is\/en_gb\/wp-json\/wp\/v2\/media?parent=56566"}],"wp:term":[{"taxonomy":"product_brand","embeddable":true,"href":"https:\/\/ilmoliulampar.is\/en_gb\/wp-json\/wp\/v2\/product_brand?post=56566"},{"taxonomy":"product_cat","embeddable":true,"href":"https:\/\/ilmoliulampar.is\/en_gb\/wp-json\/wp\/v2\/product_cat?post=56566"},{"taxonomy":"product_tag","embeddable":true,"href":"https:\/\/ilmoliulampar.is\/en_gb\/wp-json\/wp\/v2\/product_tag?post=56566"}],"curies":[{"name":"wp","href":"https:\/\/api.w.org\/{rel}","templated":true}]}}