{"id":56593,"date":"2023-09-06T13:15:14","date_gmt":"2023-09-06T13:15:14","guid":{"rendered":"https:\/\/ilmoliulampar.is\/?post_type=product&#038;p=56593"},"modified":"2026-01-29T13:28:08","modified_gmt":"2026-01-29T13:28:08","slug":"nesti-dante-sturtu-sapa-gold-body-cleanser","status":"publish","type":"product","link":"https:\/\/ilmoliulampar.is\/en_gb\/product\/nesti-dante-sturtu-sapa-gold-body-cleanser\/","title":{"rendered":"NESTI DANTE- STURTU S\u00c1PA \u2013 GOLD BODY CLEANSER"},"content":{"rendered":"","protected":false},"excerpt":{"rendered":"<p>N\u00e1tt\u00farulegar s\u00e1pur Vegan, cruelty free og umfram allt hreinar v\u00f6rur. M\u00fdkir h\u00fa\u00f0ina og r\u00f3ar vi\u00f0kv\u00e6ma h\u00fa\u00f0. \u00cdt\u00f6lsk h\u00e1g\u00e6\u00f0a framlei\u00f0sla til margra \u00e1ra<\/p>\n<p>N\u00e1tt\u00farulegar &amp; vegan s\u00e1pur, sem eru cruelty free og umfram allt hreinar v\u00f6rur. M\u00fdkir h\u00fa\u00f0ina og r\u00f3ar vi\u00f0kv\u00e6ma h\u00fa\u00f0.<\/p>\n<p>\u00cdt\u00f6lsk h\u00e1g\u00e6\u00f0a framlei\u00f0sla s\u00ed\u00f0an 1947, Nesti Dante er l\u00edti\u00f0 fj\u00f6lskyldufyrirt\u00e6ki \u00ed Florens \u00e1 \u00cdtal\u00edu, eru \u00ed dag einn \u00feekktasti s\u00e1puframlei\u00f0andi heims og \u00feekktir fyrir g\u00e6\u00f0i og fagmennsku.<\/p>\n<p>\u2013 Fullkomin t\u00e6kif\u00e6risgj\u00f6f!<\/p>","protected":false},"featured_media":56594,"comment_status":"open","ping_status":"closed","template":"","meta":[],"product_brand":[],"product_cat":[147],"product_tag":[],"class_list":{"0":"post-56593","1":"product","2":"type-product","3":"status-publish","4":"has-post-thumbnail","6":"product_cat-nesti-dante-sapurnar","8":"first","9":"instock","10":"shipping-taxable","11":"purchasable","12":"product-type-simple"},"_links":{"self":[{"href":"https:\/\/ilmoliulampar.is\/en_gb\/wp-json\/wp\/v2\/product\/56593","targetHints":{"allow":["GET"]}}],"collection":[{"href":"https:\/\/ilmoliulampar.is\/en_gb\/wp-json\/wp\/v2\/product"}],"about":[{"href":"https:\/\/ilmoliulampar.is\/en_gb\/wp-json\/wp\/v2\/types\/product"}],"replies":[{"embeddable":true,"href":"https:\/\/ilmoliulampar.is\/en_gb\/wp-json\/wp\/v2\/comments?post=56593"}],"wp:featuredmedia":[{"embeddable":true,"href":"https:\/\/ilmoliulampar.is\/en_gb\/wp-json\/wp\/v2\/media\/56594"}],"wp:attachment":[{"href":"https:\/\/ilmoliulampar.is\/en_gb\/wp-json\/wp\/v2\/media?parent=56593"}],"wp:term":[{"taxonomy":"product_brand","embeddable":true,"href":"https:\/\/ilmoliulampar.is\/en_gb\/wp-json\/wp\/v2\/product_brand?post=56593"},{"taxonomy":"product_cat","embeddable":true,"href":"https:\/\/ilmoliulampar.is\/en_gb\/wp-json\/wp\/v2\/product_cat?post=56593"},{"taxonomy":"product_tag","embeddable":true,"href":"https:\/\/ilmoliulampar.is\/en_gb\/wp-json\/wp\/v2\/product_tag?post=56593"}],"curies":[{"name":"wp","href":"https:\/\/api.w.org\/{rel}","templated":true}]}}