{"id":56670,"date":"2023-09-14T14:32:55","date_gmt":"2023-09-14T14:32:55","guid":{"rendered":"https:\/\/ilmoliulampar.is\/?post_type=product&#038;p=56670"},"modified":"2024-04-19T15:29:59","modified_gmt":"2024-04-19T15:29:59","slug":"ilmkerti-sojavax-hreinar-ilmkjarnaoliur-2","status":"publish","type":"product","link":"https:\/\/ilmoliulampar.is\/en_gb\/product\/ilmkerti-sojavax-hreinar-ilmkjarnaoliur-2\/","title":{"rendered":"ilmkerti &#8211; sojavax &#038; hreinar ilmkjarnaol\u00edur"},"content":{"rendered":"","protected":false},"excerpt":{"rendered":"<p>B\u00fai\u00f0 til \u00far hreinum Lavender &amp; Fennel ilmkjarnaol\u00edum.<br \/>\n200 gr\u00f6mm sojavax.<br \/>\n40 klst brennslut\u00edmi<\/p>\n<p>Kemur \u00ed amberlitu\u00f0u glasi me\u00f0 loki.<\/p>","protected":false},"featured_media":56671,"comment_status":"open","ping_status":"closed","template":"","meta":[],"product_brand":[],"product_cat":[201,180],"product_tag":[],"class_list":{"0":"post-56670","1":"product","2":"type-product","3":"status-publish","4":"has-post-thumbnail","6":"product_cat-ilmkerti-2","7":"product_cat-ilmvorur","9":"first","10":"instock","11":"shipping-taxable","12":"purchasable","13":"product-type-simple"},"_links":{"self":[{"href":"https:\/\/ilmoliulampar.is\/en_gb\/wp-json\/wp\/v2\/product\/56670","targetHints":{"allow":["GET"]}}],"collection":[{"href":"https:\/\/ilmoliulampar.is\/en_gb\/wp-json\/wp\/v2\/product"}],"about":[{"href":"https:\/\/ilmoliulampar.is\/en_gb\/wp-json\/wp\/v2\/types\/product"}],"replies":[{"embeddable":true,"href":"https:\/\/ilmoliulampar.is\/en_gb\/wp-json\/wp\/v2\/comments?post=56670"}],"wp:featuredmedia":[{"embeddable":true,"href":"https:\/\/ilmoliulampar.is\/en_gb\/wp-json\/wp\/v2\/media\/56671"}],"wp:attachment":[{"href":"https:\/\/ilmoliulampar.is\/en_gb\/wp-json\/wp\/v2\/media?parent=56670"}],"wp:term":[{"taxonomy":"product_brand","embeddable":true,"href":"https:\/\/ilmoliulampar.is\/en_gb\/wp-json\/wp\/v2\/product_brand?post=56670"},{"taxonomy":"product_cat","embeddable":true,"href":"https:\/\/ilmoliulampar.is\/en_gb\/wp-json\/wp\/v2\/product_cat?post=56670"},{"taxonomy":"product_tag","embeddable":true,"href":"https:\/\/ilmoliulampar.is\/en_gb\/wp-json\/wp\/v2\/product_tag?post=56670"}],"curies":[{"name":"wp","href":"https:\/\/api.w.org\/{rel}","templated":true}]}}