{"id":56754,"date":"2023-09-19T16:49:26","date_gmt":"2023-09-19T16:49:26","guid":{"rendered":"https:\/\/ilmoliulampar.is\/?post_type=product&#038;p=56754"},"modified":"2025-01-29T15:11:15","modified_gmt":"2025-01-29T15:11:15","slug":"56754","status":"publish","type":"product","link":"https:\/\/ilmoliulampar.is\/en_gb\/product\/56754\/","title":{"rendered":"Glow 08 Purple"},"content":{"rendered":"","protected":false},"excerpt":{"rendered":"<p>Kooduu l\u00faxus LED kertin eru einstaklega falleg, einf\u00f6ld &amp; n\u00fat\u00edmanleg h\u00f6nnum me\u00f0 d\u00f6nskum innbl\u00e6stri.<br \/>\nBursta\u00f0 st\u00e1l &amp; gleri\u00f0 er handgert.<\/p>\n<p>Kertin eru hla\u00f0anleg, \u00fe\u00fa n\u00e6r\u00f0 yfir 100 klukkustundum \u00e1 hverri hle\u00f0slu ( tekur u\u00feb 3 klst a\u00f0 fullhla\u00f0a kertin )<\/p>\n<p>\u201eLoginn\u201c er fl\u00f6ktandi &amp; er s\u00e9rstaklega e\u00f0lilegur.<\/p>\n<p>H\u00e6\u00f0 : 8 cm<br \/>\nBreidd : 9 cm<br \/>\n\u00deyngd : 380 gr<\/p>","protected":false},"featured_media":56755,"comment_status":"open","ping_status":"closed","template":"","meta":[],"product_brand":[],"product_cat":[231],"product_tag":[],"class_list":{"0":"post-56754","1":"product","2":"type-product","3":"status-publish","4":"has-post-thumbnail","6":"product_cat-kooduu","8":"first","9":"outofstock","10":"shipping-taxable","11":"purchasable","12":"product-type-simple"},"_links":{"self":[{"href":"https:\/\/ilmoliulampar.is\/en_gb\/wp-json\/wp\/v2\/product\/56754","targetHints":{"allow":["GET"]}}],"collection":[{"href":"https:\/\/ilmoliulampar.is\/en_gb\/wp-json\/wp\/v2\/product"}],"about":[{"href":"https:\/\/ilmoliulampar.is\/en_gb\/wp-json\/wp\/v2\/types\/product"}],"replies":[{"embeddable":true,"href":"https:\/\/ilmoliulampar.is\/en_gb\/wp-json\/wp\/v2\/comments?post=56754"}],"wp:featuredmedia":[{"embeddable":true,"href":"https:\/\/ilmoliulampar.is\/en_gb\/wp-json\/wp\/v2\/media\/56755"}],"wp:attachment":[{"href":"https:\/\/ilmoliulampar.is\/en_gb\/wp-json\/wp\/v2\/media?parent=56754"}],"wp:term":[{"taxonomy":"product_brand","embeddable":true,"href":"https:\/\/ilmoliulampar.is\/en_gb\/wp-json\/wp\/v2\/product_brand?post=56754"},{"taxonomy":"product_cat","embeddable":true,"href":"https:\/\/ilmoliulampar.is\/en_gb\/wp-json\/wp\/v2\/product_cat?post=56754"},{"taxonomy":"product_tag","embeddable":true,"href":"https:\/\/ilmoliulampar.is\/en_gb\/wp-json\/wp\/v2\/product_tag?post=56754"}],"curies":[{"name":"wp","href":"https:\/\/api.w.org\/{rel}","templated":true}]}}