{"id":56760,"date":"2023-09-19T17:12:12","date_gmt":"2023-09-19T17:12:12","guid":{"rendered":"https:\/\/ilmoliulampar.is\/?post_type=product&#038;p=56760"},"modified":"2025-09-12T13:02:05","modified_gmt":"2025-09-12T13:02:05","slug":"glow-08-green","status":"publish","type":"product","link":"https:\/\/ilmoliulampar.is\/en_gb\/product\/glow-08-green\/","title":{"rendered":"Glow 08 Green"},"content":{"rendered":"","protected":false},"excerpt":{"rendered":"<p>Kooduu l\u00faxus LED kertin eru einstaklega falleg, einf\u00f6ld &amp; n\u00fat\u00edmanleg h\u00f6nnum me\u00f0 d\u00f6nskum innbl\u00e6stri.<br \/>\nBursta\u00f0 st\u00e1l &amp; gleri\u00f0 er handgert.<\/p>\n<p>Kertin eru hla\u00f0anleg, \u00fe\u00fa n\u00e6r\u00f0 yfir 100 klukkustundum \u00e1 hverri hle\u00f0slu ( tekur u\u00feb 3 klst a\u00f0 fullhla\u00f0a kertin )<\/p>\n<p>\u201eLoginn\u201c er fl\u00f6ktandi &amp; er s\u00e9rstaklega e\u00f0lilegur.<\/p>\n<p>H\u00e6\u00f0 : 8 cm<br \/>\nBreidd : 9 cm<br \/>\n\u00deyngd : 380 gr<\/p>","protected":false},"featured_media":56759,"comment_status":"open","ping_status":"closed","template":"","meta":[],"product_brand":[],"product_cat":[231,149],"product_tag":[],"class_list":{"0":"post-56760","1":"product","2":"type-product","3":"status-publish","4":"has-post-thumbnail","6":"product_cat-kooduu","7":"product_cat-led-kerti","9":"first","10":"instock","11":"shipping-taxable","12":"purchasable","13":"product-type-simple"},"_links":{"self":[{"href":"https:\/\/ilmoliulampar.is\/en_gb\/wp-json\/wp\/v2\/product\/56760","targetHints":{"allow":["GET"]}}],"collection":[{"href":"https:\/\/ilmoliulampar.is\/en_gb\/wp-json\/wp\/v2\/product"}],"about":[{"href":"https:\/\/ilmoliulampar.is\/en_gb\/wp-json\/wp\/v2\/types\/product"}],"replies":[{"embeddable":true,"href":"https:\/\/ilmoliulampar.is\/en_gb\/wp-json\/wp\/v2\/comments?post=56760"}],"wp:featuredmedia":[{"embeddable":true,"href":"https:\/\/ilmoliulampar.is\/en_gb\/wp-json\/wp\/v2\/media\/56759"}],"wp:attachment":[{"href":"https:\/\/ilmoliulampar.is\/en_gb\/wp-json\/wp\/v2\/media?parent=56760"}],"wp:term":[{"taxonomy":"product_brand","embeddable":true,"href":"https:\/\/ilmoliulampar.is\/en_gb\/wp-json\/wp\/v2\/product_brand?post=56760"},{"taxonomy":"product_cat","embeddable":true,"href":"https:\/\/ilmoliulampar.is\/en_gb\/wp-json\/wp\/v2\/product_cat?post=56760"},{"taxonomy":"product_tag","embeddable":true,"href":"https:\/\/ilmoliulampar.is\/en_gb\/wp-json\/wp\/v2\/product_tag?post=56760"}],"curies":[{"name":"wp","href":"https:\/\/api.w.org\/{rel}","templated":true}]}}