{"id":56787,"date":"2023-09-20T13:16:05","date_gmt":"2023-09-20T13:16:05","guid":{"rendered":"https:\/\/ilmoliulampar.is\/?post_type=product&#038;p=56787"},"modified":"2024-02-27T12:45:03","modified_gmt":"2024-02-27T12:45:03","slug":"kooduu-synergy-35","status":"publish","type":"product","link":"https:\/\/ilmoliulampar.is\/en_gb\/product\/kooduu-synergy-35\/","title":{"rendered":"KOODUU &#8211; SYNERGY 35"},"content":{"rendered":"","protected":false},"excerpt":{"rendered":"<p>Kooduu Synergy 35 er LED lampi &#8211; Bluetooth h\u00e1talari og v\u00ednk\u00e6lir.<br \/>\n\u00dea\u00f0 eru 4 stillingar \u00e1 lj\u00f3sinu.<br \/>\nH\u00e1g\u00e6\u00f0a hlj\u00f3mur er \u00ed h\u00e1talaranum &amp; hann er svakalega \u00f6flugur \u00fe\u00f6kk s\u00e9 &#8222;Kooduu&#8217;s Bright Sound Technology\u2122&#8220;<br \/>\nH\u00e6gt er a\u00f0 para marga Kooduu h\u00e1talara saman me\u00f0 bluetooth.<\/p>\n<p>\u00dear sem Synrergy 35 er \u00fer\u00e1\u00f0laus getur \u00fe\u00fa veri\u00f0 me\u00f0 hann hvar sem er , \u00fati \u00ed gar\u00f0i, \u00e1 sv\u00f6lunum e\u00f0a bara leyft honum a\u00f0<br \/>\nnj\u00f3ta athyglainnar \u00e1 heimilinu \u00fe\u00ednu.\u00deitt er vali\u00f0.<br \/>\nHandfangi\u00f0 er \u00far br\u00fanu le\u00f0ri<br \/>\nH\u00e1talarinn er \u00far PE efni.<\/p>\n<p>Synergy er f\u00e1nlegur \u00ed 3 st\u00e6r\u00f0um.<br \/>\nSynergy 35 sem er minnstur<br \/>\nSynergy 50 sem er mi\u00f0st\u00e6r\u00f0<br \/>\nSynergy 65 sem er st\u00e6\u00f0stur<\/p>\n<p>St\u00e6r\u00f0<br \/>\n<span style=\"color: var(--rz-text-color); font-family: var(--rz-font-family-primary);\">H\u00e6\u00f0 &#8211; 41 cm<br \/>\n<\/span><span style=\"color: var(--rz-text-color); font-family: var(--rz-font-family-primary);\">Breidd &#8211; 24 cm<br \/>\n<\/span><span style=\"color: var(--rz-text-color); font-family: var(--rz-font-family-primary);\">\u00deyngd &#8211; 1.55 kg<\/span><\/p>","protected":false},"featured_media":56788,"comment_status":"open","ping_status":"closed","template":"","meta":[],"product_brand":[],"product_cat":[231],"product_tag":[],"class_list":{"0":"post-56787","1":"product","2":"type-product","3":"status-publish","4":"has-post-thumbnail","6":"product_cat-kooduu","8":"first","9":"instock","10":"shipping-taxable","11":"purchasable","12":"product-type-simple"},"_links":{"self":[{"href":"https:\/\/ilmoliulampar.is\/en_gb\/wp-json\/wp\/v2\/product\/56787","targetHints":{"allow":["GET"]}}],"collection":[{"href":"https:\/\/ilmoliulampar.is\/en_gb\/wp-json\/wp\/v2\/product"}],"about":[{"href":"https:\/\/ilmoliulampar.is\/en_gb\/wp-json\/wp\/v2\/types\/product"}],"replies":[{"embeddable":true,"href":"https:\/\/ilmoliulampar.is\/en_gb\/wp-json\/wp\/v2\/comments?post=56787"}],"wp:featuredmedia":[{"embeddable":true,"href":"https:\/\/ilmoliulampar.is\/en_gb\/wp-json\/wp\/v2\/media\/56788"}],"wp:attachment":[{"href":"https:\/\/ilmoliulampar.is\/en_gb\/wp-json\/wp\/v2\/media?parent=56787"}],"wp:term":[{"taxonomy":"product_brand","embeddable":true,"href":"https:\/\/ilmoliulampar.is\/en_gb\/wp-json\/wp\/v2\/product_brand?post=56787"},{"taxonomy":"product_cat","embeddable":true,"href":"https:\/\/ilmoliulampar.is\/en_gb\/wp-json\/wp\/v2\/product_cat?post=56787"},{"taxonomy":"product_tag","embeddable":true,"href":"https:\/\/ilmoliulampar.is\/en_gb\/wp-json\/wp\/v2\/product_tag?post=56787"}],"curies":[{"name":"wp","href":"https:\/\/api.w.org\/{rel}","templated":true}]}}