{"id":56817,"date":"2023-09-20T13:40:37","date_gmt":"2023-09-20T13:40:37","guid":{"rendered":"https:\/\/ilmoliulampar.is\/?post_type=product&#038;p=56817"},"modified":"2024-11-27T12:48:24","modified_gmt":"2024-11-27T12:48:24","slug":"kooduu-atmos-brushed-silver","status":"publish","type":"product","link":"https:\/\/ilmoliulampar.is\/en_gb\/product\/kooduu-atmos-brushed-silver\/","title":{"rendered":"KOODUU &#8211; Atmos Brushed Silver"},"content":{"rendered":"","protected":false},"excerpt":{"rendered":"<p>Kooduu Atmos l\u00faxus lampi &#8211; bluetooth h\u00e1talari og v\u00ednk\u00e6li.<br \/>\nH\u00f6nnu\u00f0urinn er engin annar en Jacob Jensen.<br \/>\nLj\u00f3si\u00f0 er stillanlegt.<br \/>\nH\u00e1g\u00e6\u00f0a hlj\u00f3mur er \u00ed h\u00e1talaranum &amp; hann er svakalega \u00f6flugur \u00fe\u00f6kk s\u00e9 \u201eKooduu\u2019s Bright Sound Technology\u2122\u201c<br \/>\n\u00dea\u00f0 passa 2 venjulegar v\u00ednfl\u00f6skur \u00ed \u00feennan.<\/p>\n<p>Atmos er f\u00e1nlegur \u00ed 2 \u00fatg\u00e1fum.<br \/>\nH\u00e1g\u00e6\u00f0ast\u00e1l e\u00f0a koparstandi.<\/p>\n<p>Fyrir enn betri hlj\u00f3\u00f0upplifun getur\u00f0u para\u00f0 Atmos vi\u00f0 annan Atmos e\u00f0a Kooduu h\u00e1talara.<\/p>\n<p>Framleitt \u00ed Evr\u00f3pu. Hanna\u00f0 af Jacob Jensen Design Studio \u00ed Danm\u00f6rku.<\/p>\n<p>St\u00e6r\u00f0<br \/>\nH\u00e6\u00f0 &#8211; 35 cm<br \/>\nBreidd &#8211; 22 cm<br \/>\n\u00deyngd &#8211; 1.6 kg<\/p>\n<p>&nbsp;<\/p>","protected":false},"featured_media":56820,"comment_status":"open","ping_status":"closed","template":"","meta":[],"product_brand":[],"product_cat":[231,230],"product_tag":[],"class_list":{"0":"post-56817","1":"product","2":"type-product","3":"status-publish","4":"has-post-thumbnail","6":"product_cat-kooduu","7":"product_cat-laekkadverd","9":"first","10":"instock","11":"sale","12":"shipping-taxable","13":"purchasable","14":"product-type-simple"},"_links":{"self":[{"href":"https:\/\/ilmoliulampar.is\/en_gb\/wp-json\/wp\/v2\/product\/56817","targetHints":{"allow":["GET"]}}],"collection":[{"href":"https:\/\/ilmoliulampar.is\/en_gb\/wp-json\/wp\/v2\/product"}],"about":[{"href":"https:\/\/ilmoliulampar.is\/en_gb\/wp-json\/wp\/v2\/types\/product"}],"replies":[{"embeddable":true,"href":"https:\/\/ilmoliulampar.is\/en_gb\/wp-json\/wp\/v2\/comments?post=56817"}],"wp:featuredmedia":[{"embeddable":true,"href":"https:\/\/ilmoliulampar.is\/en_gb\/wp-json\/wp\/v2\/media\/56820"}],"wp:attachment":[{"href":"https:\/\/ilmoliulampar.is\/en_gb\/wp-json\/wp\/v2\/media?parent=56817"}],"wp:term":[{"taxonomy":"product_brand","embeddable":true,"href":"https:\/\/ilmoliulampar.is\/en_gb\/wp-json\/wp\/v2\/product_brand?post=56817"},{"taxonomy":"product_cat","embeddable":true,"href":"https:\/\/ilmoliulampar.is\/en_gb\/wp-json\/wp\/v2\/product_cat?post=56817"},{"taxonomy":"product_tag","embeddable":true,"href":"https:\/\/ilmoliulampar.is\/en_gb\/wp-json\/wp\/v2\/product_tag?post=56817"}],"curies":[{"name":"wp","href":"https:\/\/api.w.org\/{rel}","templated":true}]}}