{"id":56836,"date":"2023-09-20T13:59:15","date_gmt":"2023-09-20T13:59:15","guid":{"rendered":"https:\/\/ilmoliulampar.is\/?post_type=product&#038;p=56836"},"modified":"2024-09-13T11:05:10","modified_gmt":"2024-09-13T11:05:10","slug":"kooduu-sphere-brass","status":"publish","type":"product","link":"https:\/\/ilmoliulampar.is\/en_gb\/product\/kooduu-sphere-brass\/","title":{"rendered":"KOODUU &#8211; Sphere Brass"},"content":{"rendered":"","protected":false},"excerpt":{"rendered":"<p>Kooduu Sphere er hanna\u00f0ur af Jacob Jensen.<br \/>\nLED lampi &#8211; bluetooth h\u00e1talri &amp; v\u00ednk\u00e6li.<br \/>\nLj\u00f3si\u00f0 er stillanlegt.<br \/>\nH\u00e1g\u00e6\u00f0a hlj\u00f3mur er \u00ed h\u00e1talaranum &amp; hann er svakalega \u00f6flugur \u00fe\u00f6kk s\u00e9 \u201eKooduu\u2019s Bright Sound Technology\u2122<\/p>\n<p>Kooduu Sphere er f\u00e1anlegt \u00ed 2 mismunandi litum: Burshed Silver pl\u00f6tu e\u00f0a Brass lita\u00f0a pl\u00f6tu.<\/p>\n<p>Framleitt \u00ed Evr\u00f3pu. Hanna\u00f0 af Jacob Jensen Design Studio \u00ed Danm\u00f6rku.<\/p>\n<p>St\u00e6r\u00f0<br \/>\nH\u00e6\u00f0 &#8211; 31 cm<br \/>\nBreidd &#8211; 38 cm<br \/>\n\u00deyngd &#8211; 3.7 kg<\/p>\n<p>&nbsp;<\/p>","protected":false},"featured_media":56837,"comment_status":"open","ping_status":"closed","template":"","meta":[],"product_brand":[],"product_cat":[231,230],"product_tag":[],"class_list":{"0":"post-56836","1":"product","2":"type-product","3":"status-publish","4":"has-post-thumbnail","6":"product_cat-kooduu","7":"product_cat-laekkadverd","9":"first","10":"instock","11":"sale","12":"shipping-taxable","13":"purchasable","14":"product-type-simple"},"_links":{"self":[{"href":"https:\/\/ilmoliulampar.is\/en_gb\/wp-json\/wp\/v2\/product\/56836","targetHints":{"allow":["GET"]}}],"collection":[{"href":"https:\/\/ilmoliulampar.is\/en_gb\/wp-json\/wp\/v2\/product"}],"about":[{"href":"https:\/\/ilmoliulampar.is\/en_gb\/wp-json\/wp\/v2\/types\/product"}],"replies":[{"embeddable":true,"href":"https:\/\/ilmoliulampar.is\/en_gb\/wp-json\/wp\/v2\/comments?post=56836"}],"wp:featuredmedia":[{"embeddable":true,"href":"https:\/\/ilmoliulampar.is\/en_gb\/wp-json\/wp\/v2\/media\/56837"}],"wp:attachment":[{"href":"https:\/\/ilmoliulampar.is\/en_gb\/wp-json\/wp\/v2\/media?parent=56836"}],"wp:term":[{"taxonomy":"product_brand","embeddable":true,"href":"https:\/\/ilmoliulampar.is\/en_gb\/wp-json\/wp\/v2\/product_brand?post=56836"},{"taxonomy":"product_cat","embeddable":true,"href":"https:\/\/ilmoliulampar.is\/en_gb\/wp-json\/wp\/v2\/product_cat?post=56836"},{"taxonomy":"product_tag","embeddable":true,"href":"https:\/\/ilmoliulampar.is\/en_gb\/wp-json\/wp\/v2\/product_tag?post=56836"}],"curies":[{"name":"wp","href":"https:\/\/api.w.org\/{rel}","templated":true}]}}