{"id":56852,"date":"2023-09-25T11:32:47","date_gmt":"2023-09-25T11:32:47","guid":{"rendered":"https:\/\/ilmoliulampar.is\/?post_type=product&#038;p=56852"},"modified":"2025-08-19T13:11:53","modified_gmt":"2025-08-19T13:11:53","slug":"black-ilmstangir-500-ml","status":"publish","type":"product","link":"https:\/\/ilmoliulampar.is\/en_gb\/product\/black-ilmstangir-500-ml\/","title":{"rendered":"Black ilmstangir &#8211; 500 ml"},"content":{"rendered":"","protected":false},"excerpt":{"rendered":"<p>Ilmstangir \u2013 500 ml flaska.<br \/>\nIlmstangirnar okkar eru einstaklega fallegar og smart \u00e1 bor\u00f0i.<br \/>\n\u00deetta er mj\u00f6g vanda\u00f0ur ilmur, fl\u00f6skurnar fallegar og<br \/>\nekki skemma umb\u00fa\u00f0irnar fyrir til a\u00f0 gera \u00feetta a\u00f0 einstaklega<br \/>\nflottri gj\u00f6f.<br \/>\nSei\u00f0andi og a\u00f0la\u00f0andi ilmur, karlmannlegur en a\u00f0 sama skapi lj\u00fafur. Fersk mynta og lavender, blanda\u00f0 me\u00f0 v\u00e6gu kryddi og m\u00fdkt upp me\u00f0 vanillu. Algj\u00f6rlega \u00f3m\u00f3tst\u00e6\u00f0ilegur ilmur.<\/p>","protected":false},"featured_media":56853,"comment_status":"open","ping_status":"closed","template":"","meta":[],"product_brand":[],"product_cat":[123,200,180],"product_tag":[],"class_list":{"0":"post-56852","1":"product","2":"type-product","3":"status-publish","4":"has-post-thumbnail","6":"product_cat-ilmstangir","7":"product_cat-ilmstangir-oliur","8":"product_cat-ilmvorur","10":"first","11":"instock","12":"shipping-taxable","13":"purchasable","14":"product-type-simple"},"_links":{"self":[{"href":"https:\/\/ilmoliulampar.is\/en_gb\/wp-json\/wp\/v2\/product\/56852","targetHints":{"allow":["GET"]}}],"collection":[{"href":"https:\/\/ilmoliulampar.is\/en_gb\/wp-json\/wp\/v2\/product"}],"about":[{"href":"https:\/\/ilmoliulampar.is\/en_gb\/wp-json\/wp\/v2\/types\/product"}],"replies":[{"embeddable":true,"href":"https:\/\/ilmoliulampar.is\/en_gb\/wp-json\/wp\/v2\/comments?post=56852"}],"wp:featuredmedia":[{"embeddable":true,"href":"https:\/\/ilmoliulampar.is\/en_gb\/wp-json\/wp\/v2\/media\/56853"}],"wp:attachment":[{"href":"https:\/\/ilmoliulampar.is\/en_gb\/wp-json\/wp\/v2\/media?parent=56852"}],"wp:term":[{"taxonomy":"product_brand","embeddable":true,"href":"https:\/\/ilmoliulampar.is\/en_gb\/wp-json\/wp\/v2\/product_brand?post=56852"},{"taxonomy":"product_cat","embeddable":true,"href":"https:\/\/ilmoliulampar.is\/en_gb\/wp-json\/wp\/v2\/product_cat?post=56852"},{"taxonomy":"product_tag","embeddable":true,"href":"https:\/\/ilmoliulampar.is\/en_gb\/wp-json\/wp\/v2\/product_tag?post=56852"}],"curies":[{"name":"wp","href":"https:\/\/api.w.org\/{rel}","templated":true}]}}