{"id":56857,"date":"2023-09-25T12:46:58","date_gmt":"2023-09-25T12:46:58","guid":{"rendered":"https:\/\/ilmoliulampar.is\/?post_type=product&#038;p=56857"},"modified":"2025-04-27T17:14:51","modified_gmt":"2025-04-27T17:14:51","slug":"graskers-pudi-2-litir-nokkrar-staerdir","status":"publish","type":"product","link":"https:\/\/ilmoliulampar.is\/en_gb\/product\/graskers-pudi-2-litir-nokkrar-staerdir\/","title":{"rendered":"Graskers p\u00fa\u00f0i &#8211; 2 litir &#8211; nokkrar st\u00e6r\u00f0ir 50% afsl\u00e1ttur"},"content":{"rendered":"","protected":false},"excerpt":{"rendered":"<p>\u00d3tr\u00falega flottir og vanda\u00f0ir graskersp\u00fa\u00f0ar.<br \/>\nKoma \u00ed 2 litum \u00f3l\u00edvu gr\u00e6num &amp; appels\u00ednugulum.<br \/>\nKoma \u00ed 4 st\u00e6r\u00f0um.<\/p>","protected":false},"featured_media":56863,"comment_status":"open","ping_status":"closed","template":"","meta":[],"product_brand":[],"product_cat":[132,230],"product_tag":[],"class_list":{"0":"post-56857","1":"product","2":"type-product","3":"status-publish","4":"has-post-thumbnail","6":"product_cat-heimilid-2","7":"product_cat-laekkadverd","9":"first","10":"instock","11":"sale","12":"shipping-taxable","13":"purchasable","14":"product-type-variable"},"_links":{"self":[{"href":"https:\/\/ilmoliulampar.is\/en_gb\/wp-json\/wp\/v2\/product\/56857","targetHints":{"allow":["GET"]}}],"collection":[{"href":"https:\/\/ilmoliulampar.is\/en_gb\/wp-json\/wp\/v2\/product"}],"about":[{"href":"https:\/\/ilmoliulampar.is\/en_gb\/wp-json\/wp\/v2\/types\/product"}],"replies":[{"embeddable":true,"href":"https:\/\/ilmoliulampar.is\/en_gb\/wp-json\/wp\/v2\/comments?post=56857"}],"wp:featuredmedia":[{"embeddable":true,"href":"https:\/\/ilmoliulampar.is\/en_gb\/wp-json\/wp\/v2\/media\/56863"}],"wp:attachment":[{"href":"https:\/\/ilmoliulampar.is\/en_gb\/wp-json\/wp\/v2\/media?parent=56857"}],"wp:term":[{"taxonomy":"product_brand","embeddable":true,"href":"https:\/\/ilmoliulampar.is\/en_gb\/wp-json\/wp\/v2\/product_brand?post=56857"},{"taxonomy":"product_cat","embeddable":true,"href":"https:\/\/ilmoliulampar.is\/en_gb\/wp-json\/wp\/v2\/product_cat?post=56857"},{"taxonomy":"product_tag","embeddable":true,"href":"https:\/\/ilmoliulampar.is\/en_gb\/wp-json\/wp\/v2\/product_tag?post=56857"}],"curies":[{"name":"wp","href":"https:\/\/api.w.org\/{rel}","templated":true}]}}