{"id":56906,"date":"2023-09-29T15:54:13","date_gmt":"2023-09-29T15:54:13","guid":{"rendered":"https:\/\/ilmoliulampar.is\/?post_type=product&#038;p=56906"},"modified":"2026-03-25T17:03:43","modified_gmt":"2026-03-25T17:03:43","slug":"kertahitari-2-litir","status":"publish","type":"product","link":"https:\/\/ilmoliulampar.is\/en_gb\/product\/kertahitari-2-litir\/","title":{"rendered":"Kertahitari &#8211; 2 litir"},"content":{"rendered":"","protected":false},"excerpt":{"rendered":"<p>Kertahitarinn fr\u00e1 Made By Zen er \u00f6rugg &amp; g\u00f3\u00f0 lausn til \u00feess<br \/>\na\u00f0 dreifa ilminum af upp\u00e1halds ilmkertinu \u00fe\u00ednu \u00e1n \u00feess a\u00f0 f\u00e1 ska\u00f0legt s\u00f3t &amp; reyk \u00ed lofti\u00f0.<\/p>\n<p>\u00deeir koma \u00ed 2 litum &#8211; Sv\u00f6rtum e\u00f0a gull<\/p>\n<p>Hitarinn\/lj\u00f3si\u00f0 er dimmanlegt, perur fylgja me\u00f0 ( \u00de\u00fa getur stj\u00f3rna\u00f0 hversu mikill hiti fer \u00e1 vaxi\u00f0 &amp; l\u00fdsingunni)<\/p>\n<p>St\u00e6r\u00f0<br \/>\n33 x 17cm<\/p>\n<p>&nbsp;<\/p>","protected":false},"featured_media":56907,"comment_status":"open","ping_status":"closed","template":"","meta":[],"product_brand":[],"product_cat":[184,124,201,230,107,125,202,126],"product_tag":[],"class_list":{"0":"post-56906","1":"product","2":"type-product","3":"status-publish","4":"has-post-thumbnail","6":"product_cat-bordlampar","7":"product_cat-ilmkerti","8":"product_cat-ilmkerti-2","9":"product_cat-laekkadverd","10":"product_cat-lampar","11":"product_cat-llmkerti-sprey","12":"product_cat-llmkerti-sprey-2","13":"product_cat-made-by-zen","15":"first","16":"instock","17":"shipping-taxable","18":"purchasable","19":"product-type-variable"},"_links":{"self":[{"href":"https:\/\/ilmoliulampar.is\/en_gb\/wp-json\/wp\/v2\/product\/56906","targetHints":{"allow":["GET"]}}],"collection":[{"href":"https:\/\/ilmoliulampar.is\/en_gb\/wp-json\/wp\/v2\/product"}],"about":[{"href":"https:\/\/ilmoliulampar.is\/en_gb\/wp-json\/wp\/v2\/types\/product"}],"replies":[{"embeddable":true,"href":"https:\/\/ilmoliulampar.is\/en_gb\/wp-json\/wp\/v2\/comments?post=56906"}],"wp:featuredmedia":[{"embeddable":true,"href":"https:\/\/ilmoliulampar.is\/en_gb\/wp-json\/wp\/v2\/media\/56907"}],"wp:attachment":[{"href":"https:\/\/ilmoliulampar.is\/en_gb\/wp-json\/wp\/v2\/media?parent=56906"}],"wp:term":[{"taxonomy":"product_brand","embeddable":true,"href":"https:\/\/ilmoliulampar.is\/en_gb\/wp-json\/wp\/v2\/product_brand?post=56906"},{"taxonomy":"product_cat","embeddable":true,"href":"https:\/\/ilmoliulampar.is\/en_gb\/wp-json\/wp\/v2\/product_cat?post=56906"},{"taxonomy":"product_tag","embeddable":true,"href":"https:\/\/ilmoliulampar.is\/en_gb\/wp-json\/wp\/v2\/product_tag?post=56906"}],"curies":[{"name":"wp","href":"https:\/\/api.w.org\/{rel}","templated":true}]}}