{"id":57087,"date":"2025-10-12T11:20:49","date_gmt":"2025-10-12T11:20:49","guid":{"rendered":"https:\/\/ilmoliulampar.is\/?post_type=product&#038;p=57087"},"modified":"2025-11-28T09:37:30","modified_gmt":"2025-11-28T09:37:30","slug":"vasi-stigvel-2-litir","status":"publish","type":"product","link":"https:\/\/ilmoliulampar.is\/en_gb\/product\/vasi-stigvel-2-litir\/","title":{"rendered":"Vasi &#8211; St\u00edgv\u00e9l &#8211; 2 litir 50% afsl\u00e1ttur"},"content":{"rendered":"","protected":false},"excerpt":{"rendered":"<p>Geggja\u00f0ir, \u00f6\u00f0ruv\u00edsi bl\u00f3mavasar.<br \/>\nKoma \u00ed 2 litum, sv\u00f6rtu e\u00f0a hv\u00edtu.<\/p>\n<p>St\u00e6r\u00f0:<br \/>\nH\u00e6\u00f0 : 38 cm<br \/>\nBreidd : 19 cm<br \/>\nD\u00fdpt : 8 cm<\/p>","protected":false},"featured_media":57088,"comment_status":"open","ping_status":"closed","template":"","meta":[],"product_brand":[],"product_cat":[250,132,230,121],"product_tag":[],"class_list":{"0":"post-57087","1":"product","2":"type-product","3":"status-publish","4":"has-post-thumbnail","6":"product_cat-blomapottarvasar","7":"product_cat-heimilid-2","8":"product_cat-laekkadverd","9":"product_cat-tilbod-adrar-vorur","11":"first","12":"instock","13":"sale","14":"shipping-taxable","15":"purchasable","16":"product-type-variable"},"_links":{"self":[{"href":"https:\/\/ilmoliulampar.is\/en_gb\/wp-json\/wp\/v2\/product\/57087","targetHints":{"allow":["GET"]}}],"collection":[{"href":"https:\/\/ilmoliulampar.is\/en_gb\/wp-json\/wp\/v2\/product"}],"about":[{"href":"https:\/\/ilmoliulampar.is\/en_gb\/wp-json\/wp\/v2\/types\/product"}],"replies":[{"embeddable":true,"href":"https:\/\/ilmoliulampar.is\/en_gb\/wp-json\/wp\/v2\/comments?post=57087"}],"wp:featuredmedia":[{"embeddable":true,"href":"https:\/\/ilmoliulampar.is\/en_gb\/wp-json\/wp\/v2\/media\/57088"}],"wp:attachment":[{"href":"https:\/\/ilmoliulampar.is\/en_gb\/wp-json\/wp\/v2\/media?parent=57087"}],"wp:term":[{"taxonomy":"product_brand","embeddable":true,"href":"https:\/\/ilmoliulampar.is\/en_gb\/wp-json\/wp\/v2\/product_brand?post=57087"},{"taxonomy":"product_cat","embeddable":true,"href":"https:\/\/ilmoliulampar.is\/en_gb\/wp-json\/wp\/v2\/product_cat?post=57087"},{"taxonomy":"product_tag","embeddable":true,"href":"https:\/\/ilmoliulampar.is\/en_gb\/wp-json\/wp\/v2\/product_tag?post=57087"}],"curies":[{"name":"wp","href":"https:\/\/api.w.org\/{rel}","templated":true}]}}