{"id":57094,"date":"2023-10-12T11:37:41","date_gmt":"2023-10-12T11:37:41","guid":{"rendered":"https:\/\/ilmoliulampar.is\/?post_type=product&#038;p=57094"},"modified":"2024-12-03T13:28:33","modified_gmt":"2024-12-03T13:28:33","slug":"kertastjakar-makkaronur-2-staerdir","status":"publish","type":"product","link":"https:\/\/ilmoliulampar.is\/en_gb\/product\/kertastjakar-makkaronur-2-staerdir\/","title":{"rendered":"Kertastjakar &#8211; Makkar\u00f3nur &#8211; 2 st\u00e6r\u00f0ir"},"content":{"rendered":"","protected":false},"excerpt":{"rendered":"<p>Hver elskar ekki makkar\u00f3nur.<br \/>\nKertastjakarnir koma \u00ed 2 st\u00e6r\u00f0um.<br \/>\nH\u00e6gt er a\u00f0 vera me\u00f0 mj\u00f3 l\u00f6ng kerti &amp; kubbakerti.<\/p>\n<p>St\u00e6r\u00f0ir<\/p>\n<p>St\u00f3r &#8211; 32x10x10 cm<br \/>\nL\u00edtill &#8211; 25x10x10 cm<\/p>","protected":false},"featured_media":57101,"comment_status":"open","ping_status":"closed","template":"","meta":[],"product_brand":[],"product_cat":[132,246],"product_tag":[],"class_list":{"0":"post-57094","1":"product","2":"type-product","3":"status-publish","4":"has-post-thumbnail","6":"product_cat-heimilid-2","7":"product_cat-kertastjakar","9":"first","10":"outofstock","11":"shipping-taxable","12":"purchasable","13":"product-type-variable"},"_links":{"self":[{"href":"https:\/\/ilmoliulampar.is\/en_gb\/wp-json\/wp\/v2\/product\/57094","targetHints":{"allow":["GET"]}}],"collection":[{"href":"https:\/\/ilmoliulampar.is\/en_gb\/wp-json\/wp\/v2\/product"}],"about":[{"href":"https:\/\/ilmoliulampar.is\/en_gb\/wp-json\/wp\/v2\/types\/product"}],"replies":[{"embeddable":true,"href":"https:\/\/ilmoliulampar.is\/en_gb\/wp-json\/wp\/v2\/comments?post=57094"}],"wp:featuredmedia":[{"embeddable":true,"href":"https:\/\/ilmoliulampar.is\/en_gb\/wp-json\/wp\/v2\/media\/57101"}],"wp:attachment":[{"href":"https:\/\/ilmoliulampar.is\/en_gb\/wp-json\/wp\/v2\/media?parent=57094"}],"wp:term":[{"taxonomy":"product_brand","embeddable":true,"href":"https:\/\/ilmoliulampar.is\/en_gb\/wp-json\/wp\/v2\/product_brand?post=57094"},{"taxonomy":"product_cat","embeddable":true,"href":"https:\/\/ilmoliulampar.is\/en_gb\/wp-json\/wp\/v2\/product_cat?post=57094"},{"taxonomy":"product_tag","embeddable":true,"href":"https:\/\/ilmoliulampar.is\/en_gb\/wp-json\/wp\/v2\/product_tag?post=57094"}],"curies":[{"name":"wp","href":"https:\/\/api.w.org\/{rel}","templated":true}]}}