{"id":57147,"date":"2023-10-12T14:07:27","date_gmt":"2023-10-12T14:07:27","guid":{"rendered":"https:\/\/ilmoliulampar.is\/?post_type=product&#038;p=57147"},"modified":"2025-11-24T17:43:20","modified_gmt":"2025-11-24T17:43:20","slug":"makkaronu-bord","status":"publish","type":"product","link":"https:\/\/ilmoliulampar.is\/en_gb\/product\/makkaronu-bord\/","title":{"rendered":"Makkar\u00f3nu bor\u00f0"},"content":{"rendered":"","protected":false},"excerpt":{"rendered":"<p>\u00d3tr\u00falega flott og vanda\u00f0 makkar\u00f3nu bor\u00f0 me\u00f0 glerpl\u00f6tu.<\/p>\n<p>Bor\u00f0i\u00f0 er handgert.<\/p>\n<p>St\u00e6r\u00f0 50x50x50 cm<\/p>","protected":false},"featured_media":57152,"comment_status":"open","ping_status":"closed","template":"","meta":[],"product_brand":[],"product_cat":[247,132,230],"product_tag":[],"class_list":{"0":"post-57147","1":"product","2":"type-product","3":"status-publish","4":"has-post-thumbnail","6":"product_cat-bord","7":"product_cat-heimilid-2","8":"product_cat-laekkadverd","10":"first","11":"instock","12":"sale","13":"shipping-taxable","14":"purchasable","15":"product-type-simple"},"_links":{"self":[{"href":"https:\/\/ilmoliulampar.is\/en_gb\/wp-json\/wp\/v2\/product\/57147","targetHints":{"allow":["GET"]}}],"collection":[{"href":"https:\/\/ilmoliulampar.is\/en_gb\/wp-json\/wp\/v2\/product"}],"about":[{"href":"https:\/\/ilmoliulampar.is\/en_gb\/wp-json\/wp\/v2\/types\/product"}],"replies":[{"embeddable":true,"href":"https:\/\/ilmoliulampar.is\/en_gb\/wp-json\/wp\/v2\/comments?post=57147"}],"wp:featuredmedia":[{"embeddable":true,"href":"https:\/\/ilmoliulampar.is\/en_gb\/wp-json\/wp\/v2\/media\/57152"}],"wp:attachment":[{"href":"https:\/\/ilmoliulampar.is\/en_gb\/wp-json\/wp\/v2\/media?parent=57147"}],"wp:term":[{"taxonomy":"product_brand","embeddable":true,"href":"https:\/\/ilmoliulampar.is\/en_gb\/wp-json\/wp\/v2\/product_brand?post=57147"},{"taxonomy":"product_cat","embeddable":true,"href":"https:\/\/ilmoliulampar.is\/en_gb\/wp-json\/wp\/v2\/product_cat?post=57147"},{"taxonomy":"product_tag","embeddable":true,"href":"https:\/\/ilmoliulampar.is\/en_gb\/wp-json\/wp\/v2\/product_tag?post=57147"}],"curies":[{"name":"wp","href":"https:\/\/api.w.org\/{rel}","templated":true}]}}