{"id":57158,"date":"2023-10-12T14:18:01","date_gmt":"2023-10-12T14:18:01","guid":{"rendered":"https:\/\/ilmoliulampar.is\/?post_type=product&#038;p=57158"},"modified":"2025-09-11T14:25:50","modified_gmt":"2025-09-11T14:25:50","slug":"kertastjakar-2-staerdir","status":"publish","type":"product","link":"https:\/\/ilmoliulampar.is\/en_gb\/product\/kertastjakar-2-staerdir\/","title":{"rendered":"Kertastjakar &#8211; 2 st\u00e6r\u00f0ir 50% afsl\u00e1ttur"},"content":{"rendered":"","protected":false},"excerpt":{"rendered":"<p>\u00d3tr\u00falega flottir kertastjakar<br \/>\nSvartir &#8211; gull &amp; glimmer.<\/p>\n<p>2 st\u00e6r\u00f0ir<\/p>\n<p>St\u00f3r : 39 x 12 x 12 cm<br \/>\nL\u00edtill : 31 x 12 x 12 cm<\/p>","protected":false},"featured_media":57577,"comment_status":"open","ping_status":"closed","template":"","meta":[],"product_brand":[],"product_cat":[132,136,246,230],"product_tag":[],"class_list":{"0":"post-57158","1":"product","2":"type-product","3":"status-publish","4":"has-post-thumbnail","6":"product_cat-heimilid-2","7":"product_cat-jol","8":"product_cat-kertastjakar","9":"product_cat-laekkadverd","11":"first","12":"instock","13":"sale","14":"shipping-taxable","15":"purchasable","16":"product-type-variable"},"_links":{"self":[{"href":"https:\/\/ilmoliulampar.is\/en_gb\/wp-json\/wp\/v2\/product\/57158","targetHints":{"allow":["GET"]}}],"collection":[{"href":"https:\/\/ilmoliulampar.is\/en_gb\/wp-json\/wp\/v2\/product"}],"about":[{"href":"https:\/\/ilmoliulampar.is\/en_gb\/wp-json\/wp\/v2\/types\/product"}],"replies":[{"embeddable":true,"href":"https:\/\/ilmoliulampar.is\/en_gb\/wp-json\/wp\/v2\/comments?post=57158"}],"wp:featuredmedia":[{"embeddable":true,"href":"https:\/\/ilmoliulampar.is\/en_gb\/wp-json\/wp\/v2\/media\/57577"}],"wp:attachment":[{"href":"https:\/\/ilmoliulampar.is\/en_gb\/wp-json\/wp\/v2\/media?parent=57158"}],"wp:term":[{"taxonomy":"product_brand","embeddable":true,"href":"https:\/\/ilmoliulampar.is\/en_gb\/wp-json\/wp\/v2\/product_brand?post=57158"},{"taxonomy":"product_cat","embeddable":true,"href":"https:\/\/ilmoliulampar.is\/en_gb\/wp-json\/wp\/v2\/product_cat?post=57158"},{"taxonomy":"product_tag","embeddable":true,"href":"https:\/\/ilmoliulampar.is\/en_gb\/wp-json\/wp\/v2\/product_tag?post=57158"}],"curies":[{"name":"wp","href":"https:\/\/api.w.org\/{rel}","templated":true}]}}