{"id":57168,"date":"2024-10-12T14:23:59","date_gmt":"2024-10-12T14:23:59","guid":{"rendered":"https:\/\/ilmoliulampar.is\/?post_type=product&#038;p=57168"},"modified":"2026-02-09T14:13:16","modified_gmt":"2026-02-09T14:13:16","slug":"spegill-2","status":"publish","type":"product","link":"https:\/\/ilmoliulampar.is\/en_gb\/product\/spegill-2\/","title":{"rendered":"Spegill"},"content":{"rendered":"","protected":false},"excerpt":{"rendered":"<p>Hrikalega smart &amp; \u00f6\u00f0ruv\u00edsi gylltur spegill.<\/p>\n<p>St\u00e6r\u00f0 : 73 x 63 x 3 cm<\/p>","protected":false},"featured_media":57169,"comment_status":"open","ping_status":"closed","template":"","meta":[],"product_brand":[],"product_cat":[132,249],"product_tag":[],"class_list":{"0":"post-57168","1":"product","2":"type-product","3":"status-publish","4":"has-post-thumbnail","6":"product_cat-heimilid-2","7":"product_cat-speglar","9":"first","10":"instock","11":"shipping-taxable","12":"purchasable","13":"product-type-simple"},"_links":{"self":[{"href":"https:\/\/ilmoliulampar.is\/en_gb\/wp-json\/wp\/v2\/product\/57168","targetHints":{"allow":["GET"]}}],"collection":[{"href":"https:\/\/ilmoliulampar.is\/en_gb\/wp-json\/wp\/v2\/product"}],"about":[{"href":"https:\/\/ilmoliulampar.is\/en_gb\/wp-json\/wp\/v2\/types\/product"}],"replies":[{"embeddable":true,"href":"https:\/\/ilmoliulampar.is\/en_gb\/wp-json\/wp\/v2\/comments?post=57168"}],"wp:featuredmedia":[{"embeddable":true,"href":"https:\/\/ilmoliulampar.is\/en_gb\/wp-json\/wp\/v2\/media\/57169"}],"wp:attachment":[{"href":"https:\/\/ilmoliulampar.is\/en_gb\/wp-json\/wp\/v2\/media?parent=57168"}],"wp:term":[{"taxonomy":"product_brand","embeddable":true,"href":"https:\/\/ilmoliulampar.is\/en_gb\/wp-json\/wp\/v2\/product_brand?post=57168"},{"taxonomy":"product_cat","embeddable":true,"href":"https:\/\/ilmoliulampar.is\/en_gb\/wp-json\/wp\/v2\/product_cat?post=57168"},{"taxonomy":"product_tag","embeddable":true,"href":"https:\/\/ilmoliulampar.is\/en_gb\/wp-json\/wp\/v2\/product_tag?post=57168"}],"curies":[{"name":"wp","href":"https:\/\/api.w.org\/{rel}","templated":true}]}}