{"id":57190,"date":"2023-10-15T12:06:43","date_gmt":"2023-10-15T12:06:43","guid":{"rendered":"https:\/\/ilmoliulampar.is\/?post_type=product&#038;p=57190"},"modified":"2024-12-03T13:48:41","modified_gmt":"2024-12-03T13:48:41","slug":"blomavasi-varalitur-2-litir-2-staerdir","status":"publish","type":"product","link":"https:\/\/ilmoliulampar.is\/en_gb\/product\/blomavasi-varalitur-2-litir-2-staerdir\/","title":{"rendered":"Bl\u00f3mavasi &#8211; Varalitur &#8211; 2 litir &#8211; 2 st\u00e6r\u00f0ir"},"content":{"rendered":"","protected":false},"excerpt":{"rendered":"<p>\u00d3tr\u00falega flottir og \u00f6\u00f0ruvisi vasar .<br \/>\nKoma \u00ed 2 litum &amp; 2 st\u00e6r\u00f0um.<\/p>\n<p>St\u00e6rri vasarnir:<br \/>\n35 x 10 x 10 cm<\/p>\n<p>Minni vasarnir :<br \/>\n27 x 10 x 10 cm<\/p>","protected":false},"featured_media":58009,"comment_status":"open","ping_status":"closed","template":"","meta":[],"product_brand":[],"product_cat":[250,132],"product_tag":[],"class_list":{"0":"post-57190","1":"product","2":"type-product","3":"status-publish","4":"has-post-thumbnail","6":"product_cat-blomapottarvasar","7":"product_cat-heimilid-2","9":"first","10":"instock","11":"shipping-taxable","12":"purchasable","13":"product-type-variable"},"_links":{"self":[{"href":"https:\/\/ilmoliulampar.is\/en_gb\/wp-json\/wp\/v2\/product\/57190","targetHints":{"allow":["GET"]}}],"collection":[{"href":"https:\/\/ilmoliulampar.is\/en_gb\/wp-json\/wp\/v2\/product"}],"about":[{"href":"https:\/\/ilmoliulampar.is\/en_gb\/wp-json\/wp\/v2\/types\/product"}],"replies":[{"embeddable":true,"href":"https:\/\/ilmoliulampar.is\/en_gb\/wp-json\/wp\/v2\/comments?post=57190"}],"wp:featuredmedia":[{"embeddable":true,"href":"https:\/\/ilmoliulampar.is\/en_gb\/wp-json\/wp\/v2\/media\/58009"}],"wp:attachment":[{"href":"https:\/\/ilmoliulampar.is\/en_gb\/wp-json\/wp\/v2\/media?parent=57190"}],"wp:term":[{"taxonomy":"product_brand","embeddable":true,"href":"https:\/\/ilmoliulampar.is\/en_gb\/wp-json\/wp\/v2\/product_brand?post=57190"},{"taxonomy":"product_cat","embeddable":true,"href":"https:\/\/ilmoliulampar.is\/en_gb\/wp-json\/wp\/v2\/product_cat?post=57190"},{"taxonomy":"product_tag","embeddable":true,"href":"https:\/\/ilmoliulampar.is\/en_gb\/wp-json\/wp\/v2\/product_tag?post=57190"}],"curies":[{"name":"wp","href":"https:\/\/api.w.org\/{rel}","templated":true}]}}