{"id":57279,"date":"2023-10-16T17:08:21","date_gmt":"2023-10-16T17:08:21","guid":{"rendered":"https:\/\/ilmoliulampar.is\/?post_type=product&#038;p=57279"},"modified":"2024-10-05T11:49:25","modified_gmt":"2024-10-05T11:49:25","slug":"luktir-gull-4-staerdir","status":"publish","type":"product","link":"https:\/\/ilmoliulampar.is\/en_gb\/product\/luktir-gull-4-staerdir\/","title":{"rendered":"Luktir gull &#8211; 4 st\u00e6r\u00f0ir"},"content":{"rendered":"","protected":false},"excerpt":{"rendered":"<p>\u00d3tr\u00falega flottar gylltar \u00e1l luktir me\u00f0 gleri.<br \/>\nKoma \u00ed 4 st\u00e6r\u00f0um.<\/p>\n<p>L\u00edtil : 28x 12 x 13 cm<br \/>\nMi\u00f0t\u00e6r\u00f0 : 43 x 18 x 18 cm<br \/>\nSt\u00f3r : 51 x 23 x 23 cm<br \/>\nExtra St\u00f3r : 65 x 28 x 28 cm<\/p>","protected":false},"featured_media":57280,"comment_status":"open","ping_status":"closed","template":"","meta":[],"product_brand":[],"product_cat":[132],"product_tag":[],"class_list":{"0":"post-57279","1":"product","2":"type-product","3":"status-publish","4":"has-post-thumbnail","6":"product_cat-heimilid-2","8":"first","9":"instock","10":"shipping-taxable","11":"purchasable","12":"product-type-variable"},"_links":{"self":[{"href":"https:\/\/ilmoliulampar.is\/en_gb\/wp-json\/wp\/v2\/product\/57279","targetHints":{"allow":["GET"]}}],"collection":[{"href":"https:\/\/ilmoliulampar.is\/en_gb\/wp-json\/wp\/v2\/product"}],"about":[{"href":"https:\/\/ilmoliulampar.is\/en_gb\/wp-json\/wp\/v2\/types\/product"}],"replies":[{"embeddable":true,"href":"https:\/\/ilmoliulampar.is\/en_gb\/wp-json\/wp\/v2\/comments?post=57279"}],"wp:featuredmedia":[{"embeddable":true,"href":"https:\/\/ilmoliulampar.is\/en_gb\/wp-json\/wp\/v2\/media\/57280"}],"wp:attachment":[{"href":"https:\/\/ilmoliulampar.is\/en_gb\/wp-json\/wp\/v2\/media?parent=57279"}],"wp:term":[{"taxonomy":"product_brand","embeddable":true,"href":"https:\/\/ilmoliulampar.is\/en_gb\/wp-json\/wp\/v2\/product_brand?post=57279"},{"taxonomy":"product_cat","embeddable":true,"href":"https:\/\/ilmoliulampar.is\/en_gb\/wp-json\/wp\/v2\/product_cat?post=57279"},{"taxonomy":"product_tag","embeddable":true,"href":"https:\/\/ilmoliulampar.is\/en_gb\/wp-json\/wp\/v2\/product_tag?post=57279"}],"curies":[{"name":"wp","href":"https:\/\/api.w.org\/{rel}","templated":true}]}}