{"id":57286,"date":"2023-10-16T17:14:28","date_gmt":"2023-10-16T17:14:28","guid":{"rendered":"https:\/\/ilmoliulampar.is\/?post_type=product&#038;p=57286"},"modified":"2024-07-16T10:02:47","modified_gmt":"2024-07-16T10:02:47","slug":"luktir-silfur-4-sraerdir","status":"publish","type":"product","link":"https:\/\/ilmoliulampar.is\/en_gb\/product\/luktir-silfur-4-sraerdir\/","title":{"rendered":"Luktir silfur &#8211; 4 sr\u00e6r\u00f0ir"},"content":{"rendered":"","protected":false},"excerpt":{"rendered":"<p>\u00d3tr\u00falega flottar silfur \u00e1l luktir me\u00f0 gleri.<br \/>\nKoma \u00ed 4 st\u00e6r\u00f0um.<\/p>\n<p>L\u00edtil : 28x 12 x 13 cm<br \/>\nMi\u00f0t\u00e6r\u00f0 : 43 x 18 x 18 cm<br \/>\nSt\u00f3r : 51 x 23 x 23 cm<br \/>\nExtra St\u00f3r : 65 x 28 x 28 cm<\/p>","protected":false},"featured_media":57619,"comment_status":"open","ping_status":"closed","template":"","meta":[],"product_brand":[],"product_cat":[132],"product_tag":[],"class_list":{"0":"post-57286","1":"product","2":"type-product","3":"status-publish","4":"has-post-thumbnail","6":"product_cat-heimilid-2","8":"first","9":"instock","10":"shipping-taxable","11":"purchasable","12":"product-type-variable"},"_links":{"self":[{"href":"https:\/\/ilmoliulampar.is\/en_gb\/wp-json\/wp\/v2\/product\/57286","targetHints":{"allow":["GET"]}}],"collection":[{"href":"https:\/\/ilmoliulampar.is\/en_gb\/wp-json\/wp\/v2\/product"}],"about":[{"href":"https:\/\/ilmoliulampar.is\/en_gb\/wp-json\/wp\/v2\/types\/product"}],"replies":[{"embeddable":true,"href":"https:\/\/ilmoliulampar.is\/en_gb\/wp-json\/wp\/v2\/comments?post=57286"}],"wp:featuredmedia":[{"embeddable":true,"href":"https:\/\/ilmoliulampar.is\/en_gb\/wp-json\/wp\/v2\/media\/57619"}],"wp:attachment":[{"href":"https:\/\/ilmoliulampar.is\/en_gb\/wp-json\/wp\/v2\/media?parent=57286"}],"wp:term":[{"taxonomy":"product_brand","embeddable":true,"href":"https:\/\/ilmoliulampar.is\/en_gb\/wp-json\/wp\/v2\/product_brand?post=57286"},{"taxonomy":"product_cat","embeddable":true,"href":"https:\/\/ilmoliulampar.is\/en_gb\/wp-json\/wp\/v2\/product_cat?post=57286"},{"taxonomy":"product_tag","embeddable":true,"href":"https:\/\/ilmoliulampar.is\/en_gb\/wp-json\/wp\/v2\/product_tag?post=57286"}],"curies":[{"name":"wp","href":"https:\/\/api.w.org\/{rel}","templated":true}]}}