{"id":57440,"date":"2023-11-09T16:52:36","date_gmt":"2023-11-09T16:52:36","guid":{"rendered":"https:\/\/ilmoliulampar.is\/?post_type=product&#038;p=57440"},"modified":"2026-01-19T14:11:35","modified_gmt":"2026-01-19T14:11:35","slug":"storar-marmara-myndir-2-litir","status":"publish","type":"product","link":"https:\/\/ilmoliulampar.is\/en_gb\/product\/storar-marmara-myndir-2-litir\/","title":{"rendered":"St\u00f3rar marmara myndir \u00ed gylltum ramma  &#8211; 2 litir &#8211;  70%  afsl\u00e1ttur"},"content":{"rendered":"","protected":false},"excerpt":{"rendered":"<p>\u00d3tr\u00falega flottar myndir me\u00f0 marmara\u00e1fer\u00f0.<br \/>\n\u00de\u00e6r gera svo miki\u00f0 fyrir heimili\u00f0.<\/p>\n<p>H\u00e1glansandi sv\u00f6rt marmara me\u00f0 gyllingu \u00ed &amp; \u00ed \u00a0gylltum ramma, e\u00f0a H\u00e1glans hv\u00edt mamara me\u00f0 gyllingu \u00ed &amp; \u00ed gylltum ramma.<br \/>\nSt\u00e6r\u00f0 180&#215;90 cm<\/p>","protected":false},"featured_media":60917,"comment_status":"open","ping_status":"closed","template":"","meta":[],"product_brand":[],"product_cat":[132,230,252],"product_tag":[],"class_list":{"0":"post-57440","1":"product","2":"type-product","3":"status-publish","4":"has-post-thumbnail","6":"product_cat-heimilid-2","7":"product_cat-laekkadverd","8":"product_cat-myndirogrammar","10":"first","11":"outofstock","12":"sale","13":"shipping-taxable","14":"purchasable","15":"product-type-variable"},"_links":{"self":[{"href":"https:\/\/ilmoliulampar.is\/en_gb\/wp-json\/wp\/v2\/product\/57440","targetHints":{"allow":["GET"]}}],"collection":[{"href":"https:\/\/ilmoliulampar.is\/en_gb\/wp-json\/wp\/v2\/product"}],"about":[{"href":"https:\/\/ilmoliulampar.is\/en_gb\/wp-json\/wp\/v2\/types\/product"}],"replies":[{"embeddable":true,"href":"https:\/\/ilmoliulampar.is\/en_gb\/wp-json\/wp\/v2\/comments?post=57440"}],"wp:featuredmedia":[{"embeddable":true,"href":"https:\/\/ilmoliulampar.is\/en_gb\/wp-json\/wp\/v2\/media\/60917"}],"wp:attachment":[{"href":"https:\/\/ilmoliulampar.is\/en_gb\/wp-json\/wp\/v2\/media?parent=57440"}],"wp:term":[{"taxonomy":"product_brand","embeddable":true,"href":"https:\/\/ilmoliulampar.is\/en_gb\/wp-json\/wp\/v2\/product_brand?post=57440"},{"taxonomy":"product_cat","embeddable":true,"href":"https:\/\/ilmoliulampar.is\/en_gb\/wp-json\/wp\/v2\/product_cat?post=57440"},{"taxonomy":"product_tag","embeddable":true,"href":"https:\/\/ilmoliulampar.is\/en_gb\/wp-json\/wp\/v2\/product_tag?post=57440"}],"curies":[{"name":"wp","href":"https:\/\/api.w.org\/{rel}","templated":true}]}}